


{"id":39,"date":"2016-08-01T11:56:26","date_gmt":"2016-08-01T09:56:26","guid":{"rendered":"http:\/\/polosud.com\/2016\/?post_type=product&#038;p=39"},"modified":"2016-11-23T09:38:49","modified_gmt":"2016-11-23T08:38:49","slug":"gli-stupori-del-giovane-hengeller","status":"publish","type":"product","link":"https:\/\/polosud.com\/2016\/catalogue\/gli-stupori-del-giovane-hengeller\/","title":{"rendered":"Gli stupori del giovane Hengeller"},"content":{"rendered":"<p>\u00a0<\/p>\n<p>Track list:<\/p>\n<ol>\n<li>Talk Show<\/li>\n<li>L&#8217;istindo dell&#8217;Emigrante (ft Hamilton De Holanda)<\/li>\n<li>L&#8217;ammore \u00e8 Na Rosa (ft Patrizia Laquidara)<\/li>\n<li>Il loggionista Disperato\u00a0 (ft MODA LODA BRODA)<\/li>\n<li>Canci\u00f2n n. 6 (ft Enrico Rava)<\/li>\n<li>Il Bacio Pletorico<\/li>\n<li>Urgente Cha Cha\u00a0 (Ft Daniele Sepe)<\/li>\n<li>La Curiosit\u00e0<\/li>\n<li>Pasolini<\/li>\n<li>Preferisco La Gassosa\u00a0 (Ft Voci Di Corridoio)<\/li>\n<li>Vertigine<\/li>\n<li>Canci\u00f2n n. 6<\/li>\n<\/ol>\n<p>\u00a0<\/p>\n<p>\u201cGli Stupori del giovane Hengeller\u201d \u00e8 opera fresca ironica, come ci aspettiamo ma anche nuova e musicalmente tanto inaspettata quanto efficace. Questa volta il pianista-compositore-cantante napoletano si presenta con una variet\u00e0 di stili e di interpretazioni che dimostrano un eclettismo finora solo intuito, ma che ne \u201cGli Stupori&#8230;\u201d viene fuori alla grande. Il \u201cPagode- Choro\u201d, in compagnia di Hamilton de Holanda, carico di internazionale napoletanit\u00e0 (la differenza tra una zeppola e un bign\u00e8 \u00e8 cosafondamentale anche sulla luna)de \u201cL\u2019istinto dell\u2019emigrante\u201d, il tenore assiderato del \u201cLoggionista\u201d, l\u2019innamorato alla Armando Gil (con atmosfera anni \u201930\/\u201940 e secondo me, carica di doppi sensi). Cos\u00ec come l\u2019omaggio con inedito al \u201csuo\u201d Lelio Luttazzi, il cha cha di Ferrio con Daniele Sepe e la breve citazione dei Cetra nel \u201cBacio\u201d. In questo cd fanno il paio con interpretazioni e pezzi che non ti aspetti, ma che ti rendono felici di averli ascoltati e di poterli riascoltare quando e quanto vorrai.<br \/>\nVeramente notevole l\u2019interpretazione di \u201cCancion N.6\u201d in un indovinatissimo duo con Enrico Rava che riesce a trasformare un pezzo classico in una godibillissima jazzistica ballade. Come uno struggente \u201cPasolini\u201din tutt\u2019uno col suo piano. Dulcis in fundo, Hengeller ci regala in versione \u201cShort\u201d, ma non per questo meno godibile, di nuovo della \u201cCancion n.6\u201d di Federico Mompou, questa volta, tanto per far capire che pianista \u00e8, in piano solo. In questo lo hanno preceduto signori come Benedetti Michelangeli, Martron e Ciccolini e scusate se \u00e8 poco. Hanno accompagnato Lorenzo Hengeller in questa impresa Elio Coppola alla batteria e Marco De Tilla al contrabasso.<\/p>\n<p>Enrico De Marinis<\/p>\n","protected":false},"excerpt":{"rendered":"<p>\u00a0 Track list: Talk Show L&#8217;istindo dell&#8217;Emigrante (ft Hamilton De Holanda) L&#8217;ammore \u00e8 Na Rosa (ft Patrizia Laquidara) Il loggionista Disperato\u00a0 (ft MODA LODA BRODA) Canci\u00f2n n. 6 (ft Enrico Rava) Il Bacio Pletorico Urgente Cha Cha\u00a0 (Ft Daniele Sepe) La Curiosit\u00e0 Pasolini Preferisco La Gassosa\u00a0 (Ft Voci Di Corridoio) Vertigine Canci\u00f2n n. 6 \u00a0 \u201cGli Stupori del giovane Hengeller\u201d \u00e8 opera fresca ironica, come ci aspettiamo ma anche nuova e musicalmente tanto inaspettata quanto efficace. Questa volta il pianista-compositore-cantante [&hellip;]<\/p>\n","protected":false},"featured_media":40,"comment_status":"open","ping_status":"closed","template":"","meta":[],"product_cat":[24],"product_tag":[32],"acf":[],"_links":{"self":[{"href":"https:\/\/polosud.com\/2016\/wp-json\/wp\/v2\/product\/39"}],"collection":[{"href":"https:\/\/polosud.com\/2016\/wp-json\/wp\/v2\/product"}],"about":[{"href":"https:\/\/polosud.com\/2016\/wp-json\/wp\/v2\/types\/product"}],"replies":[{"embeddable":true,"href":"https:\/\/polosud.com\/2016\/wp-json\/wp\/v2\/comments?post=39"}],"wp:featuredmedia":[{"embeddable":true,"href":"https:\/\/polosud.com\/2016\/wp-json\/wp\/v2\/media\/40"}],"wp:attachment":[{"href":"https:\/\/polosud.com\/2016\/wp-json\/wp\/v2\/media?parent=39"}],"wp:term":[{"taxonomy":"product_cat","embeddable":true,"href":"https:\/\/polosud.com\/2016\/wp-json\/wp\/v2\/product_cat?post=39"},{"taxonomy":"product_tag","embeddable":true,"href":"https:\/\/polosud.com\/2016\/wp-json\/wp\/v2\/product_tag?post=39"}],"curies":[{"name":"wp","href":"https:\/\/api.w.org\/{rel}","templated":true}]}}