


{"id":422,"date":"2016-09-01T11:56:45","date_gmt":"2016-09-01T09:56:45","guid":{"rendered":"http:\/\/polosud.com\/2016\/?post_type=product&#038;p=422"},"modified":"2016-09-01T11:56:45","modified_gmt":"2016-09-01T09:56:45","slug":"5-in-condotta","status":"publish","type":"product","link":"https:\/\/polosud.com\/2016\/catalogue\/5-in-condotta\/","title":{"rendered":"5 in condotta"},"content":{"rendered":"<p>Ironia, sarcasmo, acume potrebbero essere i primi aggettivi possibili per \u201c5 in condotta\u201d il nuovo lavoro discografico dei Virtuosi di San Martino, appena uscito per la Polosud.<\/p>\n<p>Quindici brani che danno vita a un vero e proprio bestiario di personaggi e situazioni con\u00adtemporanee, testimonianza di uno spettacolo teatrale in tourn\u00e9e da ormai due anni. Brani rodati, dunque, gi\u00e0 apprezzati da pubblico e critica.<\/p>\n<p>E cos\u00ec i protagonisti fantastici quanto reali creati da Roberto Del Gaudio prendono vita accompagnati dal \u201ccocktail sonoro\u201d allestito da Federico Odling.\u00a0 Citazioni musicali sempre brillanti e ricche si incontrano e si scontrano con il cantato, con rime improbabili o negate, per un\u2019idea di musica come arte totale tra teatro, canzone, satira di costume, macchietta, sempre in bilico tra il sublime e la provocazione estrema.<\/p>\n<p>Ad aprire il disco \u00e8 una folgorante \u00abChe sar\u00e0\u00bb dei Ricchi e Poveri trasformata in coro alpino, poi per\u00f2, cambia e la consueta atmosfera cameristica dei Virtuosi incontra un sound elettrico per \u00abPagatemi\u00bb che mette all\u2019indice il nuovo star system artistico, politicamente s-corretto.<\/p>\n<p>In \u00abLa femminista\u00bb, \u00abLa papessa\u00bb e \u00abLo sforzo democratico\u00bb si vedono i \u201cnuovi mostri\u201d dei nostri tempi, ideali divenuti stereotipi per poi sgretolarsi davanti alla scoperta del comodo, del piacevole, dell\u2019utile. \u00abVentitr\u00e8\u00bb se la prende con un professore di Filosofia morale mentre il tono cambia con \u00abLa storia di uno di noi\u00bb e \u00abNun \u00e8 pecch\u00e8to\u00bb, canzoni nelle canzoni, parodie rispettivamente di Celentano e Di Capri, pugliese per l\u2019occasione.<\/p>\n<p>Non manca l\u2019humor nero in \u00abLo zecchino di piombo\u00bb, povero sventurato che ballando ballando salta in aria su una mina.<\/p>\n<p>\u00ab\u2019O liberista \u2019nnammurato\u00bb, ritrae un im\u00adprenditore napoletano che in nome della libert\u00e0 d\u2019impresa apre una casa di tolleranza a Posillipo.<\/p>\n<p>Il lavoro si conclude con un brano che ha gi\u00e0 dato adito a diverse polemiche, \u00abIl grande errore di Adolf\u00bb; ed ecco un ebreo che rimprovera Hitler di aver perseguitato la sua gente piuttosto che i napoletani. \u00ab\u00c8 una riflessione sul luogo comune in cui \u00e8 ridotta la nostra citt\u00e0 &#8211; riflette Del Gaudio &#8211; esaltata o demonizzata, ma sempre in maniera acritica, sino al punto di farci sentire prigionieri di un non luogo, di un lager, esistenziale come culturale. Come Ceronetti, allora, immaginiamo la provocazione estrema, sperando di innescare una reazione, magari un effetto di catarsi. E usiamo l\u2019\u201dInno alla gioia\u201d di Beethoven trasformato in inno di Scampia, palcoscenico ormai ufficiale della retorica gomorrista\u00bb.<\/p>\n","protected":false},"excerpt":{"rendered":"<p>Ironia, sarcasmo, acume potrebbero essere i primi aggettivi possibili per \u201c5 in condotta\u201d il nuovo lavoro discografico dei Virtuosi di San Martino, appena uscito per la Polosud. Quindici brani che danno vita a un vero e proprio bestiario di personaggi e situazioni con\u00adtemporanee, testimonianza di uno spettacolo teatrale in tourn\u00e9e da ormai due anni. Brani rodati, dunque, gi\u00e0 apprezzati da pubblico e critica. E cos\u00ec i protagonisti fantastici quanto reali creati da Roberto Del Gaudio prendono vita accompagnati dal \u201ccocktail [&hellip;]<\/p>\n","protected":false},"featured_media":175,"comment_status":"open","ping_status":"closed","template":"","meta":[],"product_cat":[42],"product_tag":[41],"acf":[],"_links":{"self":[{"href":"https:\/\/polosud.com\/2016\/wp-json\/wp\/v2\/product\/422"}],"collection":[{"href":"https:\/\/polosud.com\/2016\/wp-json\/wp\/v2\/product"}],"about":[{"href":"https:\/\/polosud.com\/2016\/wp-json\/wp\/v2\/types\/product"}],"replies":[{"embeddable":true,"href":"https:\/\/polosud.com\/2016\/wp-json\/wp\/v2\/comments?post=422"}],"wp:featuredmedia":[{"embeddable":true,"href":"https:\/\/polosud.com\/2016\/wp-json\/wp\/v2\/media\/175"}],"wp:attachment":[{"href":"https:\/\/polosud.com\/2016\/wp-json\/wp\/v2\/media?parent=422"}],"wp:term":[{"taxonomy":"product_cat","embeddable":true,"href":"https:\/\/polosud.com\/2016\/wp-json\/wp\/v2\/product_cat?post=422"},{"taxonomy":"product_tag","embeddable":true,"href":"https:\/\/polosud.com\/2016\/wp-json\/wp\/v2\/product_tag?post=422"}],"curies":[{"name":"wp","href":"https:\/\/api.w.org\/{rel}","templated":true}]}}