


{"id":43,"date":"2016-08-01T12:05:20","date_gmt":"2016-08-01T10:05:20","guid":{"rendered":"http:\/\/polosud.com\/2016\/?post_type=product&#038;p=43"},"modified":"2016-11-18T13:22:32","modified_gmt":"2016-11-18T12:22:32","slug":"spot-giovanni-block","status":"publish","type":"product","link":"https:\/\/polosud.com\/2016\/catalogue\/spot-giovanni-block\/","title":{"rendered":"S.P.O.T."},"content":{"rendered":"<p>Track list:<\/p>\n<ol>\n<li>&#8216;O Mare Va Truvann &#8216;e Fort<\/li>\n<li>Tempo &#8216;e Viento (ft Alessio Arena)<\/li>\n<li>Sule<\/li>\n<li>Adda Ven\u00ec Baffone (ft MODA LODA BRODA)<\/li>\n<li>E Va A Fern\u00ec Semp Accuss\u00ec<\/li>\n<li>Dint&#8217; All&#8217;underground<\/li>\n<li>Senza Dicere Niente (Ft Francesco Di Bella)<\/li>\n<li>Storia Di Un Antico Tradimento<\/li>\n<li>Core Mio (ft FLO)<\/li>\n<li>Sule (EPO)<\/li>\n<li>Palomma &#8216;e Notte<\/li>\n<\/ol>\n<p>S.P.O.T. , dalle iniziali di Senza Perdere &#8216;O Tiempo, \u00e8 il secondo album di Giovanni Block, da ormai un decennio nel novero dei pi\u00f9 interessanti cantautori newpolitani. Rispetto all&#8217;esordio di &#8220;Un Posto Ideale&#8221;, 2011, Targa Tenco, cambia il suono e la lingua, cambiano i panorami evocati, non la certezza che il ragazzo abbia cose importanti da dire, anzi da cantare\u2026 La scelta del dialetto non \u00e8 casuale, e non potrebbe esserlo nel bel mezzo dell&#8217;esplosione di una nuova leva cantautorale verace, che peraltro Block, dopo aver riunito nella rassegna &#8220;Be Quiet&#8221;, riunisce nel disco, appena pubblicato dalla Polosud, radunando intorno a s\u00e9 Alessio Arena Flo Francesco Di Bella oltre ai Moda Loda Broda, Bata&#8217; Ngoma e, per un recitativo, Gianfelice Imparato E ancor meno potrebbe esserlo all&#8217;indomani della scomparsa di Pino Daniele, del vuoto impossibile da colmare da lui lasciato, della riflessione collettiva sulla sua lezione, a cui guarda decisamente un brano come &#8220;Adda veni baffone!&#8221;.<br \/>\nMa Giovanni ha ben altre frecce al suo attivo, dall&#8217;ironia autobiografica di &#8220;Dint&#8217;all&#8217;underground&#8221;, sorta di voce di dentro di una generazione sonica verace che deve fare i conti con fenomeni tipo Calcutta, alla malia tenerissima di &#8220;E va a freni semp&#8217;accuss\u00ec&#8221;, delicata come una ninna nanna post-muroliana cullata dal violoncello di Arcangelo Michele Caso anche sul fronte strumentale, il cd raduna il meglio della scena partenopea, da Mariano Bellopede a Luigi Scialdone. &#8220;Senza ricere niente&#8221;, in duetto con Francesco di Bella (ex 24 Grana) \u00e8 un tuffo negli anni Sessanta, &#8220;Storia di un antico tradimento&#8221; racconta con tono da cantastorie la drammatica vicenda di Carlo Gesualdo da Venosa e Maria d&#8217;Avalos. &#8220;Core mio&#8221; \u00e8 una madeleine proustiana divisa con Flo, una melanconica ballata sull&#8217;amore crocifisso, mentre &#8220;Sule&#8221; trova sponda nel vocione di Ciro Tuzzi, prima che una rilettura di &#8220;Palomma &#8216;e notte&#8221; chiuda &#8211; per ora &#8211; il cerchio, facendo sfoggio con orgoglio delle proprie radici canore. Come Gnut, come Sansone dei Foja, come i ragazzi della paranza del Capitone di Daniele Sepe, come il migliore della nidiata Arena, Block ha un talento feroce, ancora da valorizzare come meriterebbe. Intanto canta un disagio insieme intimassimo e generazionale, appoggia la sua voce su chitarre, acustiche o elettriche, che potrebbero benissimo fare a meno dell&#8217;ukulele di moda o del ritornello in stile Manu Chao. Ma in tempi cos\u00ec omologati e difficili, l&#8217;incipit di &#8220;&#8216;O mare va truvann&#8217; &#8216;e forte&#8221; \u00e8 uno sparo nella notte, un&#8217;emozionante chanson da camera con vista su Procida.&#8221;<\/p>\n","protected":false},"excerpt":{"rendered":"<p>Track list: &#8216;O Mare Va Truvann &#8216;e Fort Tempo &#8216;e Viento (ft Alessio Arena) Sule Adda Ven\u00ec Baffone (ft MODA LODA BRODA) E Va A Fern\u00ec Semp Accuss\u00ec Dint&#8217; All&#8217;underground Senza Dicere Niente (Ft Francesco Di Bella) Storia Di Un Antico Tradimento Core Mio (ft FLO) Sule (EPO) Palomma &#8216;e Notte S.P.O.T. , dalle iniziali di Senza Perdere &#8216;O Tiempo, \u00e8 il secondo album di Giovanni Block, da ormai un decennio nel novero dei pi\u00f9 interessanti cantautori newpolitani. Rispetto all&#8217;esordio [&hellip;]<\/p>\n","protected":false},"featured_media":44,"comment_status":"open","ping_status":"closed","template":"","meta":[],"product_cat":[15],"product_tag":[32],"acf":[],"_links":{"self":[{"href":"https:\/\/polosud.com\/2016\/wp-json\/wp\/v2\/product\/43"}],"collection":[{"href":"https:\/\/polosud.com\/2016\/wp-json\/wp\/v2\/product"}],"about":[{"href":"https:\/\/polosud.com\/2016\/wp-json\/wp\/v2\/types\/product"}],"replies":[{"embeddable":true,"href":"https:\/\/polosud.com\/2016\/wp-json\/wp\/v2\/comments?post=43"}],"wp:featuredmedia":[{"embeddable":true,"href":"https:\/\/polosud.com\/2016\/wp-json\/wp\/v2\/media\/44"}],"wp:attachment":[{"href":"https:\/\/polosud.com\/2016\/wp-json\/wp\/v2\/media?parent=43"}],"wp:term":[{"taxonomy":"product_cat","embeddable":true,"href":"https:\/\/polosud.com\/2016\/wp-json\/wp\/v2\/product_cat?post=43"},{"taxonomy":"product_tag","embeddable":true,"href":"https:\/\/polosud.com\/2016\/wp-json\/wp\/v2\/product_tag?post=43"}],"curies":[{"name":"wp","href":"https:\/\/api.w.org\/{rel}","templated":true}]}}