


{"id":430,"date":"2016-09-01T12:27:58","date_gmt":"2016-09-01T10:27:58","guid":{"rendered":"http:\/\/polosud.com\/2016\/?post_type=product&#038;p=430"},"modified":"2016-09-01T12:27:58","modified_gmt":"2016-09-01T10:27:58","slug":"luce-per-toto","status":"publish","type":"product","link":"https:\/\/polosud.com\/2016\/catalogue\/luce-per-toto\/","title":{"rendered":"Luce per Tot\u00f2"},"content":{"rendered":"<p>Angela Luce \u00e8 gi\u00e0 storia della musica, del cinema, del teatro. Storica \u00e8 la sua voce sublime, che sarebbe da considerare come un monumento nazionale. Chi non capisce questo st\u00e0 giocando sul tavolo sbagliato dell&#8217;arte e non sa cosa si perde.<\/p>\n<p>Angela Luce ha deciso di cantare Tot\u00f2, dodici canzoni napoletane del principe della risata, che ne ha scritte pi\u00f9 di settanta. E&#8217; come se queste dodici canzoni stessero aspettando solo che la voce di Angela le intonasse, le restituisse alla vita con la passione di cui \u00e8 capace. Bisogna dire che Angela Luce fa diventare queste canzoni carne della carne, come se le storie e le emozioni che Tot\u00f2 ha scritto e musicato, lei le avesse vissute in prima persona, come se facessero parte in maniera spudorata della sua autobiografia.<\/p>\n<p>Il titolo di questa antologia non poteva essere pi\u00f9 esplicito: &#8220;Luce per Tot\u00f2&#8221;, umile e rispettoso insieme. Ma anche rivelatore di una poetica che attraversa tutto il disco: illuminare l&#8217;altra faccia di Tot\u00f2, quel suo affascinante cono d&#8217;ombra in cui vivono poesia e canzone.<\/p>\n<p>&#8220;Luce per Tot\u00f2&#8221;\u00a0 \u00e8 un disco ispirato, un vero capolavoro, come raramente se ne sentono\u00a0 in questi tempi nevrotici e disperati, in cui la speranza sembra giocare a nascondino.<\/p>\n<p>Angela Luce sa come fare arrivare il suo canto al cuore delle persone e regala vita, come se fosse acqua pura e con la purezza della sua arte riscatta ogni dolore e fa sognare. Cos\u00ec era per Tot\u00f2, cos\u00ec \u00e8 per Angela Luce. Imperatore lui Imperatrice lei, meritano igrado pi\u00f9 alto, perch\u00e8 sanno rendere dolce anche la vita pi\u00f9 miserabile.<\/p>\n<p>Vincenzo Mollica<\/p>\n<p>Produzione artistica<br \/>\nAngela Luce, Ninni Pascale, Antonino Armagno, Marco Zurzolo<\/p>\n<p>Arrangiamenti<br \/>\nAntonino Armagno e Marco Zurzolo<\/p>\n<p>Pianoforte<br \/>\nAntonino Armagno<\/p>\n<p>Contrabbasso<br \/>\nGiuseppe Timbro<\/p>\n<p>Percussione<br \/>\nEmidio Ausiello<\/p>\n<p>Sassofono<br \/>\nMarco Zurzolo<\/p>\n<p>Trombone<br \/>\nAlessandro Tedesco<\/p>\n<p>Tromba e filicorno<br \/>\nGianfranco Campagnoli<\/p>\n<p>Registrato allo studio Il Parco &#8211; Napoli<br \/>\nda Ninni Pascale e Alessandr D&#8217;Aniello<\/p>\n<p>Mixing<br \/>\nNinni Pascale<\/p>\n<p>Mastering<br \/>\nBob Fix<\/p>\n<p>Make up artist<br \/>\nKris Barone<\/p>\n<p>Progetto grafico<br \/>\nmarianobarone.com<\/p>\n","protected":false},"excerpt":{"rendered":"<p>Angela Luce \u00e8 gi\u00e0 storia della musica, del cinema, del teatro. Storica \u00e8 la sua voce sublime, che sarebbe da considerare come un monumento nazionale. Chi non capisce questo st\u00e0 giocando sul tavolo sbagliato dell&#8217;arte e non sa cosa si perde. Angela Luce ha deciso di cantare Tot\u00f2, dodici canzoni napoletane del principe della risata, che ne ha scritte pi\u00f9 di settanta. E&#8217; come se queste dodici canzoni stessero aspettando solo che la voce di Angela le intonasse, le restituisse [&hellip;]<\/p>\n","protected":false},"featured_media":172,"comment_status":"open","ping_status":"closed","template":"","meta":[],"product_cat":[22],"product_tag":[41],"acf":[],"_links":{"self":[{"href":"https:\/\/polosud.com\/2016\/wp-json\/wp\/v2\/product\/430"}],"collection":[{"href":"https:\/\/polosud.com\/2016\/wp-json\/wp\/v2\/product"}],"about":[{"href":"https:\/\/polosud.com\/2016\/wp-json\/wp\/v2\/types\/product"}],"replies":[{"embeddable":true,"href":"https:\/\/polosud.com\/2016\/wp-json\/wp\/v2\/comments?post=430"}],"wp:featuredmedia":[{"embeddable":true,"href":"https:\/\/polosud.com\/2016\/wp-json\/wp\/v2\/media\/172"}],"wp:attachment":[{"href":"https:\/\/polosud.com\/2016\/wp-json\/wp\/v2\/media?parent=430"}],"wp:term":[{"taxonomy":"product_cat","embeddable":true,"href":"https:\/\/polosud.com\/2016\/wp-json\/wp\/v2\/product_cat?post=430"},{"taxonomy":"product_tag","embeddable":true,"href":"https:\/\/polosud.com\/2016\/wp-json\/wp\/v2\/product_tag?post=430"}],"curies":[{"name":"wp","href":"https:\/\/api.w.org\/{rel}","templated":true}]}}