


{"id":440,"date":"2016-09-01T12:56:29","date_gmt":"2016-09-01T10:56:29","guid":{"rendered":"http:\/\/polosud.com\/2016\/?post_type=product&#038;p=440"},"modified":"2016-09-01T12:56:29","modified_gmt":"2016-09-01T10:56:29","slug":"voglie-parla","status":"publish","type":"product","link":"https:\/\/polosud.com\/2016\/catalogue\/voglie-parla\/","title":{"rendered":"Voglie Parl\u00e0"},"content":{"rendered":"<p>&#8220;VOGLIE PARLA\u2019 &#8221; \u00e8 stato stampato in edizione limitata e distribuito nelle scuole gratuitamente per il progetto omonimo di educazione alla legalit\u00e0.<br \/>\nNel disco sono presenti 5 brani tratti dal precedente album &#8220;&#8216;A Camorra song io&#8221;<\/p>\n<p>Contro la camorra e tutte le mafie&#8221;<br \/>\nUn progetto di divulgazione scolastica<\/p>\n<p>Portare nelle scuole un certo modo di parlare (e suonare) sulla camorra e tutte le mafie.<br \/>\nPromosso dagli &#8216;A67 che con il disco d&#8217;esordio intitolato &#8220;&#8216;A camorra song&#8217;io&#8221; sta facendo conoscere, in Italia e all&#8217;estero, alcuni aspetti meno considerati e forse pi\u00f9 decisivi del vissuto in realt\u00e0 difficili e permeate &#8211; &#8220;per riflettere sulle connivenze quotidiane, sul camorrista che c&#8217;\u00e8 in ognuno di noi, perch\u00e9 \u00e8 prima di tutto un problema di mentalit\u00e0, profondamente radicato nel tessuto sociale&#8221;.<\/p>\n<p>Forti delle esperienze vissute sul campo in questi anni, gli &#8216;A67 hanno deciso di convogliare le proprie idee ed energie in un progetto strutturato e comune, mescolando le loro canzoni alle testimonianze e alle immagini, e avendo, come primo, specifico e vitale obiettivo, l&#8217;informazione e il dialogo con la nuova generazione, che pi\u00f9 di ogni altra, specie nel Mezzogiorno, \u00e8 esposta alla fascinazione e all&#8217;assuefazione suscitate dal &#8220;Sistema&#8221;.<br \/>\nIl progetto ha il patrocinio dell&#8217;Assessorato per l&#8217;Istruzione, Formazione e Lavoro della REGIONE CAMPANIA e di LIBERA e AMNESTY INTERNATIONAL; ed oltre agli incontri nelle scuole della Campania e di tutta Italia, comprende la pubblicazione di cinquemila copie dell&#8217;omonimo EP da distribuire gratuitamente agli studenti(pubblicato da Polosud).<br \/>\nL&#8217;EP contiene le cinque canzoni &#8216;A67 maggiormente inerenti all&#8217;argomento (tratte dall&#8217;album &#8220;A camorra song&#8217;io&#8221;), i videoclip dei brani &#8220;A67&#8221; e &#8220;Voglie parl\u00e0&#8221; e un libretto con i murales di Felice Pignataro e gli interventi di alcuni fra i protagonisti che condividono un impegno cos\u00ec necessario a tutto il territorio, fra cui l&#8217;Assessore Corrado Gabriele, Amato Lamberti, Nando dalla Chiesa e Roberto Saviano<\/p>\n","protected":false},"excerpt":{"rendered":"<p>&#8220;VOGLIE PARLA\u2019 &#8221; \u00e8 stato stampato in edizione limitata e distribuito nelle scuole gratuitamente per il progetto omonimo di educazione alla legalit\u00e0. Nel disco sono presenti 5 brani tratti dal precedente album &#8220;&#8216;A Camorra song io&#8221; Contro la camorra e tutte le mafie&#8221; Un progetto di divulgazione scolastica Portare nelle scuole un certo modo di parlare (e suonare) sulla camorra e tutte le mafie. Promosso dagli &#8216;A67 che con il disco d&#8217;esordio intitolato &#8220;&#8216;A camorra song&#8217;io&#8221; sta facendo conoscere, in [&hellip;]<\/p>\n","protected":false},"featured_media":202,"comment_status":"open","ping_status":"closed","template":"","meta":[],"product_cat":[45],"product_tag":[49],"acf":[],"_links":{"self":[{"href":"https:\/\/polosud.com\/2016\/wp-json\/wp\/v2\/product\/440"}],"collection":[{"href":"https:\/\/polosud.com\/2016\/wp-json\/wp\/v2\/product"}],"about":[{"href":"https:\/\/polosud.com\/2016\/wp-json\/wp\/v2\/types\/product"}],"replies":[{"embeddable":true,"href":"https:\/\/polosud.com\/2016\/wp-json\/wp\/v2\/comments?post=440"}],"wp:featuredmedia":[{"embeddable":true,"href":"https:\/\/polosud.com\/2016\/wp-json\/wp\/v2\/media\/202"}],"wp:attachment":[{"href":"https:\/\/polosud.com\/2016\/wp-json\/wp\/v2\/media?parent=440"}],"wp:term":[{"taxonomy":"product_cat","embeddable":true,"href":"https:\/\/polosud.com\/2016\/wp-json\/wp\/v2\/product_cat?post=440"},{"taxonomy":"product_tag","embeddable":true,"href":"https:\/\/polosud.com\/2016\/wp-json\/wp\/v2\/product_tag?post=440"}],"curies":[{"name":"wp","href":"https:\/\/api.w.org\/{rel}","templated":true}]}}