


{"id":444,"date":"2016-09-01T13:21:36","date_gmt":"2016-09-01T11:21:36","guid":{"rendered":"http:\/\/polosud.com\/2016\/?post_type=product&#038;p=444"},"modified":"2016-09-01T13:21:36","modified_gmt":"2016-09-01T11:21:36","slug":"napule-popolo-e-dio","status":"publish","type":"product","link":"https:\/\/polosud.com\/2016\/catalogue\/napule-popolo-e-dio\/","title":{"rendered":"Napule, popolo e Dio"},"content":{"rendered":"<p>Attraverso riletture musicali contemporanee di canti religiosi della tradizione campana, si vogliono rendere fruibili al grande pubblico composizioni che accompagnavano spesso processioni e feste ricche di balli.<br \/>\nNell&#8217;affrontare questo lavoro non potevamo non appoggiarci sull&#8217;operazione gi\u00e0 compiuta da Roberto De Simone. Infatti, tanti brani sono stati da noi rielaborati partendo dalle incisioni della Nuova Compagnia di Canto Popolare, che \u00e8 stata negli anni &#8217;70 la voce di De Simone.<\/p>\n<p>Questi, oltre che proporre composizioni sue (in realt\u00e0 radicali rielaborazioni di materiali esistenti, tre delle quali presenti nel nostro disco), ha trasmesso una versione &#8220;colta&#8221; della tradizione con una riproposizione &#8220;elegante&#8221; di tale patrimonio, smussato delle asprezze di &#8220;canti&#8221; pieni di &#8220;terra&#8221; e di odori contadini. La nostra operazione, quarant&#8217;anni dopo, ha lo scopo di raccogliere in una sola pubblicazione &#8220;il meglio&#8221; della tradizione religiosa campana, &#8220;tradendo&#8221; ci\u00f2 che era gi\u00e0 stato &#8220;tradito&#8221; e che per questo \u00e8 giunto fino a noi.<\/p>\n<p>Quindi, il nostro disco, pur raccogliendo la tradizione, non pu\u00f2 definirsi di musica tradizionale. Se vogliamo ascoltare musica tradizionale di quel dato momento storico e di quel dato ambiente rurale, dobbiamo andare alle registrazioni originali; noi siamo musicisti urbani per nascita, perci\u00f2 sarebbe inutile nonch\u00e9 mistificante giocare a fare i pastori o i contadini, magari suonando anche in costume.<\/p>\n<p>Noi possiamo affermare con certezza di aver affrontato i canti della tradizione religiosa come se fossero canzoni nostre, rispettando l&#8217;essenza di quella tradizione, perch\u00e9 ad essa sentiamo di appartenere, non per un vezzo intellettualistico o ideologico, ma per quella fede e quel gusto per la bellezza, splendore del vero, che ci sono stati tramandati da padri-maestri, grazie ai quali consistiamo e cantiamo.<\/p>\n","protected":false},"excerpt":{"rendered":"<p>Attraverso riletture musicali contemporanee di canti religiosi della tradizione campana, si vogliono rendere fruibili al grande pubblico composizioni che accompagnavano spesso processioni e feste ricche di balli. Nell&#8217;affrontare questo lavoro non potevamo non appoggiarci sull&#8217;operazione gi\u00e0 compiuta da Roberto De Simone. Infatti, tanti brani sono stati da noi rielaborati partendo dalle incisioni della Nuova Compagnia di Canto Popolare, che \u00e8 stata negli anni &#8217;70 la voce di De Simone. Questi, oltre che proporre composizioni sue (in realt\u00e0 radicali rielaborazioni di [&hellip;]<\/p>\n","protected":false},"featured_media":168,"comment_status":"open","ping_status":"closed","template":"","meta":[],"product_cat":[21,9],"product_tag":[51],"acf":[],"_links":{"self":[{"href":"https:\/\/polosud.com\/2016\/wp-json\/wp\/v2\/product\/444"}],"collection":[{"href":"https:\/\/polosud.com\/2016\/wp-json\/wp\/v2\/product"}],"about":[{"href":"https:\/\/polosud.com\/2016\/wp-json\/wp\/v2\/types\/product"}],"replies":[{"embeddable":true,"href":"https:\/\/polosud.com\/2016\/wp-json\/wp\/v2\/comments?post=444"}],"wp:featuredmedia":[{"embeddable":true,"href":"https:\/\/polosud.com\/2016\/wp-json\/wp\/v2\/media\/168"}],"wp:attachment":[{"href":"https:\/\/polosud.com\/2016\/wp-json\/wp\/v2\/media?parent=444"}],"wp:term":[{"taxonomy":"product_cat","embeddable":true,"href":"https:\/\/polosud.com\/2016\/wp-json\/wp\/v2\/product_cat?post=444"},{"taxonomy":"product_tag","embeddable":true,"href":"https:\/\/polosud.com\/2016\/wp-json\/wp\/v2\/product_tag?post=444"}],"curies":[{"name":"wp","href":"https:\/\/api.w.org\/{rel}","templated":true}]}}