


{"id":458,"date":"2016-09-01T13:50:57","date_gmt":"2016-09-01T11:50:57","guid":{"rendered":"http:\/\/polosud.com\/2016\/?post_type=product&#038;p=458"},"modified":"2016-09-01T13:50:57","modified_gmt":"2016-09-01T11:50:57","slug":"come-grande-enfermidade","status":"publish","type":"product","link":"https:\/\/polosud.com\/2016\/catalogue\/come-grande-enfermidade\/","title":{"rendered":"Com&#8217;\u00e8 grande enfermidade"},"content":{"rendered":"<p>Il punto di partenza dell&#8217;album sono le cantiga medioevali del 1100, forme popolari religiose spagnole di canto, declamanti i miracoli di Maria per guarire le infermit\u00e0 mentali e fisiche della gente.<\/p>\n<p>Oggi l&#8217;Enfermidade \u00e8 il simbolo della follia del mondo in cui viviamo e il cd \u00e8 un viaggio-avventura sull\u2019infermit\u00e0 del mondo, sulla follia umana<\/p>\n<p>Tutto questo per\u00f2 io lo vedo e interpreto in una chiave curabile. di fronte ai mali del mondo si deve reagire positivamente con le parole, con le azioni, con la poesia, con la musica che \u00e8 poi la mia voce.<\/p>\n<p>Ho continuato il mio lavoro di ricerca con brani del 1100 e 1200( in Spagnolo antico, in ebraico, in galiziano portoghese) e brani di mia composizione in italiano,in inglese ed in siciliano-napoletano a dimostrare che pu\u00f2 esistere un incontro fra le culture musicali nord-europee e quelle pi\u00f9 mediterranee. Il cd vede la partecipazione di validissimi musicisti tra cui Marcello Vento , grosso talento artistico naturale, un batterista che ha affiancato formazioni etniche del panorama musicale nazionale ed internazionale,VincenzoZenobio, fisarmonicista e studioso della musica folk-celtica, il chitarrista Stefano De Sanctis (habitue\u2019 nei miei dischi) Ernesto Vitolo, Cristiano Argentino,Piero Fortezza, Caterina Bono, Vittorio Pepe,Livio Lamonea,Sara Sole( Ha collaborato ai testi in Italiano)<\/p>\n<p>Produzione Artistica: Jenny Sorrenti<\/p>\n<p>Arrangiamenti di Jenny Sorrenti tranne &#8220;Balcanico&#8221; e &#8220;Angelo Dell&#8217;amuri&#8221; arrangiati da Stefano De Santis, Marcello Vento e Vincenzo Zenobio<\/p>\n<p>Musicisti: Stefano De Santis: chitarra &#8211; Jenny Sorrenti: Voce e Tastiere &#8211; Vittorio Pepe: basso &#8211; Marcello Vento: batteria e percussioni &#8211; Vincenzo Zenobio: fisarmonica &#8211; Caterina Bono: violino &#8211; Ernesto Vitolo: tastiere &#8211; Piero Fortezza: percussioni &#8211; Livio Limonea: chitarra &#8211; Cristiano Argentino: contrabbasso<\/p>\n<p>Qualche notizia Tecnica<\/p>\n<p>Registrato da Carlo Gentiletti e Federico Federici allo studio Il Parco &#8211; Napoli<\/p>\n<p>Missato da Ninni Pascale allo studio Il Parco &#8211; Napoli<\/p>\n","protected":false},"excerpt":{"rendered":"<p>Il punto di partenza dell&#8217;album sono le cantiga medioevali del 1100, forme popolari religiose spagnole di canto, declamanti i miracoli di Maria per guarire le infermit\u00e0 mentali e fisiche della gente. Oggi l&#8217;Enfermidade \u00e8 il simbolo della follia del mondo in cui viviamo e il cd \u00e8 un viaggio-avventura sull\u2019infermit\u00e0 del mondo, sulla follia umana Tutto questo per\u00f2 io lo vedo e interpreto in una chiave curabile. di fronte ai mali del mondo si deve reagire positivamente con le parole, [&hellip;]<\/p>\n","protected":false},"featured_media":200,"comment_status":"open","ping_status":"closed","template":"","meta":[],"product_cat":[54],"product_tag":[53],"acf":[],"_links":{"self":[{"href":"https:\/\/polosud.com\/2016\/wp-json\/wp\/v2\/product\/458"}],"collection":[{"href":"https:\/\/polosud.com\/2016\/wp-json\/wp\/v2\/product"}],"about":[{"href":"https:\/\/polosud.com\/2016\/wp-json\/wp\/v2\/types\/product"}],"replies":[{"embeddable":true,"href":"https:\/\/polosud.com\/2016\/wp-json\/wp\/v2\/comments?post=458"}],"wp:featuredmedia":[{"embeddable":true,"href":"https:\/\/polosud.com\/2016\/wp-json\/wp\/v2\/media\/200"}],"wp:attachment":[{"href":"https:\/\/polosud.com\/2016\/wp-json\/wp\/v2\/media?parent=458"}],"wp:term":[{"taxonomy":"product_cat","embeddable":true,"href":"https:\/\/polosud.com\/2016\/wp-json\/wp\/v2\/product_cat?post=458"},{"taxonomy":"product_tag","embeddable":true,"href":"https:\/\/polosud.com\/2016\/wp-json\/wp\/v2\/product_tag?post=458"}],"curies":[{"name":"wp","href":"https:\/\/api.w.org\/{rel}","templated":true}]}}