


{"id":48,"date":"2016-08-01T12:20:20","date_gmt":"2016-08-01T10:20:20","guid":{"rendered":"http:\/\/polosud.com\/2016\/?post_type=product&#038;p=48"},"modified":"2016-11-23T10:09:50","modified_gmt":"2016-11-23T09:09:50","slug":"di-altri-sguardi","status":"publish","type":"product","link":"https:\/\/polosud.com\/2016\/catalogue\/di-altri-sguardi\/","title":{"rendered":"Di altri sguardi"},"content":{"rendered":"<p>Track list:<\/p>\n<ol>\n<li>Jasmine&#8217;s Elegy<\/li>\n<li>Paquito<\/li>\n<li>Till The Rain<\/li>\n<li>La Mer Vers l&#8217;Italie<\/li>\n<li>Fuoco a Mare<\/li>\n<li>Dormi Ancora un Po&#8217;<\/li>\n<li>Sabir<\/li>\n<li>Springtime Revolution<\/li>\n<li>Una Canzone Bianca<\/li>\n<li>Song For My Sister&#8217;s Son<\/li>\n<\/ol>\n<p>Un viaggio dell\u2019animo, viaggi sonori, immaginifici. Luoghi che ho immortalato nel cuore, lontananze di cui ho sentito parlare al Porto di Algeciras, un uomo alto che aveva gli occhi neri. Mi parlava di altri sguardi, di incontri fatti in viaggio. E ancora la taverna del porto di Ceuta, dopo aver passato lo stretto di Gibilterra: i colori ed i suoni urlanti di amore per la terra e per il mare che li bagna, il Mediterraneo.<br \/>\nAntico, vissuto, sfruttato e abusato, sporcato di nero, di rosso e di verde ma sempre vivo, pi\u00f9 vivo di tutti gli oceani.. cos\u00ec vivo da far spavento per la quantit\u00e0 di culture diverse che ingloba.<br \/>\nPer ognuno di questi posti mi ha ispirato una storia, un evento, in qualche caso fin troppo noto, in altri casi fin troppo intimo. Per ogni storia un brano. 10 tracce, dieci ricordi, dieci storie dal Mediterraneo. Mariano Bellopede<\/p>\n<p>\u201cDI ALTRI SGUARDI &#8211; Racconti dal Mediterraneo\u201d \u00e8 il nuovo progetto artistico di Mariano Bellopede. Verr\u00e0 presentato ufficialmente il 2 luglio 2015 alle ore 18.00 presso la Feltrinelli di p.zza Dei Martiri a Napoli, con un\u2019anteprima al JAZZIT Festival (Terni) il 26 giugno. E\u2019 prodotto dalla POLOSUD, storica etichetta napoletana diretta da Ninni Pascale e dalla BANCO FACTORY (fucina creativa del BANCO DEL MUTUO SOCCORSO diretta da Mario Valerio Nocenzi ). E\u2019 un disco fortemente ispirato, che va aldil\u00e0 della musica. Ognuno dei dieci inediti di Bellopede \u00e8 ispirato ad un evento della recente storia del Mediterraneo (dalla primavera araba ai viaggi di speranza, dai migranti ai racconti dei viaggiatori in barca a vela). Ad ogni brano, all\u2019interno del booklet, \u00e8 associato un piccolo testo ( da una poesia di Nazim Hikmet o di Erri De Luca, ad un racconto di Gianluca Solera, da un articolo di Massimiliano Virgilio ad un\u2019intervista di Simone Perotti di Progetto Mediterranea) che conduce ad un ascolto ancora pi\u00f9 poetico. Il tutto condito dalle meravigliose foto di Alessandro Bellopede, reporter di viaggi nonch\u00e9 fratello di Mariano. Le sonorit\u00e0 sono jazz\/world :<br \/>\nad un trio di base (formato da Mariano al pianoforte Alex Anzalone al basso elettrico , acustico o contrabbasso e Davide Esposito alla batteria), si affiancano altri musicisti tra cui Gigi Patierno ai fiati, Gino Evangelista all\u2019 oud, Federico Luongo alla chitarra elettrica, gli Ondanueve String Quartet e la voce di Alessio Arena, vincitore di Musicultura 2013 (anche autore del testo dell\u2019unica canzone contenuta nell\u2019album: UNA CANZONE BIANCA).<\/p>\n","protected":false},"excerpt":{"rendered":"<p>Track list: Jasmine&#8217;s Elegy Paquito Till The Rain La Mer Vers l&#8217;Italie Fuoco a Mare Dormi Ancora un Po&#8217; Sabir Springtime Revolution Una Canzone Bianca Song For My Sister&#8217;s Son Un viaggio dell\u2019animo, viaggi sonori, immaginifici. Luoghi che ho immortalato nel cuore, lontananze di cui ho sentito parlare al Porto di Algeciras, un uomo alto che aveva gli occhi neri. Mi parlava di altri sguardi, di incontri fatti in viaggio. E ancora la taverna del porto di Ceuta, dopo aver [&hellip;]<\/p>\n","protected":false},"featured_media":49,"comment_status":"open","ping_status":"closed","template":"","meta":[],"product_cat":[8],"product_tag":[27],"acf":[],"_links":{"self":[{"href":"https:\/\/polosud.com\/2016\/wp-json\/wp\/v2\/product\/48"}],"collection":[{"href":"https:\/\/polosud.com\/2016\/wp-json\/wp\/v2\/product"}],"about":[{"href":"https:\/\/polosud.com\/2016\/wp-json\/wp\/v2\/types\/product"}],"replies":[{"embeddable":true,"href":"https:\/\/polosud.com\/2016\/wp-json\/wp\/v2\/comments?post=48"}],"wp:featuredmedia":[{"embeddable":true,"href":"https:\/\/polosud.com\/2016\/wp-json\/wp\/v2\/media\/49"}],"wp:attachment":[{"href":"https:\/\/polosud.com\/2016\/wp-json\/wp\/v2\/media?parent=48"}],"wp:term":[{"taxonomy":"product_cat","embeddable":true,"href":"https:\/\/polosud.com\/2016\/wp-json\/wp\/v2\/product_cat?post=48"},{"taxonomy":"product_tag","embeddable":true,"href":"https:\/\/polosud.com\/2016\/wp-json\/wp\/v2\/product_tag?post=48"}],"curies":[{"name":"wp","href":"https:\/\/api.w.org\/{rel}","templated":true}]}}