


{"id":491,"date":"2016-09-03T19:29:37","date_gmt":"2016-09-03T17:29:37","guid":{"rendered":"http:\/\/polosud.com\/2016\/?post_type=product&#038;p=491"},"modified":"2016-09-03T19:29:37","modified_gmt":"2016-09-03T17:29:37","slug":"roll-the-belly","status":"publish","type":"product","link":"https:\/\/polosud.com\/2016\/catalogue\/roll-the-belly\/","title":{"rendered":"Roll the belly!"},"content":{"rendered":"<p>Arrangiamenti e Produzione artistica: Juke Joint<\/p>\n<p>Musicisti: Guido Migliaro: chitarre, armonica,voce &#8211; Umberto Sirigatti: basso, voce &#8211; Enzo Di Domenica: chitarra, voce &#8211; Nicola Orabona: batteria &#8211; Luciano Nini: clarinetto e clarino basso &#8211; Renato Federico: piano e organo &#8211; Lello Aucelli: voce &#8211; Nini Liccardi: contrabasso &#8211; Gaia Fusco: cori &#8211; Gabriele Del Vecchio: piano &#8211; Stefano De Stefano: piano<br \/>\nQualche notizia Tecnica<\/p>\n<p>Studio: Il Parco &#8211; Napoli<\/p>\n<p>Sound engineer: Carlo Gentiletti<\/p>\n<p>Il lavoro \u00e8 stato registrato in digitale su Protools HD<br \/>\nUna breve presentazione:<\/p>\n<p>In un epoca in cui \u201ccontaminazione \u00e8 il sostantivo pi\u00f9 usato per tentare di descrivere nuove musiche, trovare una band che semplicemente suona blues \u00e8 stato come una doccia tonificante dopo una giornata di stress.<\/p>\n<p>la semplicit\u00e0 di un basso due chitarre (per di pi\u00f9 acustiche) e batteria \u00e8 vincente.<\/p>\n<p>Il blues non t\u2019inganna con tonnellate di suoni sintetici, con accordi di 32\u00b0 o con tempi in 7\/25, il blues \u00e8 diretto, ci sarebbe da dire che \u00e8 facile se in realt\u00e0 non fosse difficile.<\/p>\n<p>Si perch\u00e8 il blues ha bisogno dell\u2019unico ingrediente che nella musica e nella vita non s\u2019impara:\u201dil cuore\u201d.<\/p>\n<p>Gli accordi, le parole, i temi, in questa musica, sono in realt\u00e0 sempre gli stessi, un p\u00f2 come accade nella vita dove le gioie, i problemi, i dolori, le storie d\u2019amore si ripetono per tutti nello stesso modo.<\/p>\n<p>La differenza la fa il come: quando Guido canta e grida, le sue storie vivono, sono reali, ti trasmettono buio o luce, quando basso e batteria battono insieme inesorabili e precisi capisci il ritmo primordiale, quando le chitarre accompagnano, si lamentano, ti accarezzano o imprecano e bestemmiano ti convinci che i Juke Joint hanno da dire qualcosa: i Juke Joint sono un gruppo blues.<\/p>\n","protected":false},"excerpt":{"rendered":"<p>Arrangiamenti e Produzione artistica: Juke Joint Musicisti: Guido Migliaro: chitarre, armonica,voce &#8211; Umberto Sirigatti: basso, voce &#8211; Enzo Di Domenica: chitarra, voce &#8211; Nicola Orabona: batteria &#8211; Luciano Nini: clarinetto e clarino basso &#8211; Renato Federico: piano e organo &#8211; Lello Aucelli: voce &#8211; Nini Liccardi: contrabasso &#8211; Gaia Fusco: cori &#8211; Gabriele Del Vecchio: piano &#8211; Stefano De Stefano: piano Qualche notizia Tecnica Studio: Il Parco &#8211; Napoli Sound engineer: Carlo Gentiletti Il lavoro \u00e8 stato registrato in digitale [&hellip;]<\/p>\n","protected":false},"featured_media":196,"comment_status":"open","ping_status":"closed","template":"","meta":[],"product_cat":[63],"product_tag":[64],"acf":[],"_links":{"self":[{"href":"https:\/\/polosud.com\/2016\/wp-json\/wp\/v2\/product\/491"}],"collection":[{"href":"https:\/\/polosud.com\/2016\/wp-json\/wp\/v2\/product"}],"about":[{"href":"https:\/\/polosud.com\/2016\/wp-json\/wp\/v2\/types\/product"}],"replies":[{"embeddable":true,"href":"https:\/\/polosud.com\/2016\/wp-json\/wp\/v2\/comments?post=491"}],"wp:featuredmedia":[{"embeddable":true,"href":"https:\/\/polosud.com\/2016\/wp-json\/wp\/v2\/media\/196"}],"wp:attachment":[{"href":"https:\/\/polosud.com\/2016\/wp-json\/wp\/v2\/media?parent=491"}],"wp:term":[{"taxonomy":"product_cat","embeddable":true,"href":"https:\/\/polosud.com\/2016\/wp-json\/wp\/v2\/product_cat?post=491"},{"taxonomy":"product_tag","embeddable":true,"href":"https:\/\/polosud.com\/2016\/wp-json\/wp\/v2\/product_tag?post=491"}],"curies":[{"name":"wp","href":"https:\/\/api.w.org\/{rel}","templated":true}]}}