


{"id":497,"date":"2016-09-03T19:46:55","date_gmt":"2016-09-03T17:46:55","guid":{"rendered":"http:\/\/polosud.com\/2016\/?post_type=product&#038;p=497"},"modified":"2016-09-03T19:46:55","modified_gmt":"2016-09-03T17:46:55","slug":"daltro-canto","status":"publish","type":"product","link":"https:\/\/polosud.com\/2016\/catalogue\/daltro-canto\/","title":{"rendered":"D&#8217;altro canto"},"content":{"rendered":"<p>Produttore artistico: Andrea Campese e Paolo Di Sarcina<\/p>\n<p>Musicisti: Andrea Campese, voce, chitarra; Carlo di Gennaro,batteria; Paolo di Sarcina, basso; Davide Smiraglia, pianoforte, tastiere; Franco Paolo Perreca, clarinetto, sax alto; Michele Grieco, clarinetto; Giuseppe Favoloro, sax alto e tenore.<\/p>\n<p>E con: Fausto Cigliano, Daniele Sepe, Guido Migliaro, Francesca Zurzolo.<br \/>\nUna nota dell&#8217;autore:<\/p>\n<p>\u201cD\u2019altro canto\u201d\u00e8 un disco di canzoni. Proprio in quanto tale pu\u00f2 piacere o no. E\u2019 nell\u2019ordine naturale delle cose. Tuttavia lo sforzo che Andrea Campese &#038; Sbanda hanno profuso per realizzarlo \u00e8 stato guidato da un obiettivo da subito molto chiaro: fare di \u201cD\u2019altro canto\u201d un disco \u201caltro\u201d e non \u201cun altro disco\u201d (l\u2019ennesimo, insomma).<\/p>\n<p>L\u2019alterit\u00e0 di questo disco, al di l\u00e0 di ogni ingiustificata presunzione, risiede in tre questioni, per noi, (altrove detti Andrea Campese &#038; Sbanda e a partire da adesso detti \u201cnoi\u201d)di vitale importanza:<\/p>\n<p>1) La scelta dei linguaggi musicali adottati risponde all\u2019idiosincrasia che abbiamo nei confronti del concetto di \u201cgusto unico\u201d nella creazione e nell\u2019ascolto della musica, figlio inevitabile del \u201cpensiero unico\u201d che affligge i nostri tempi e, temiamo, anche il futuro. Abbiamo cercato di utilizzare le esperienze di ascolto e di pratica musicale maturate nel corso di anni optando per le soluzioni pi\u00f9 onestamente \u201cnostre\u201d con la speranza di farle diventare, a causa di una paradossale alchimia, le pi\u00f9 condivisibili dagli altri.<\/p>\n<p>2) Le storie che raccontiamo, le \u201cfoto\u201d che vi mostriamo, i punti di vista che vi proponiamo, vi mettono a parte del nostro amore per le differenze ed il nostro orrore per le indifferenze, vi comunicano che l\u2019attancante \u00e8 un uomo solo e che la vita vera si svolge a centrocampo, che quello che si vede non \u00e8 per forza vero e che quello in cui non crediamo non \u00e8 per forza falso o sbagliato e che c\u2019\u00e8 sempre uno stupore che ci salver\u00e0.<\/p>\n<p>3) Questo disco \u00e8, per forza di cose, il risultato di contributi diversificati e, per ci\u00f2 stesso, ricchi, di musicisti, artisti che si sono messi in gioco, che hanno insegnato le proprie certezze ed imparato quelle altrui, in uno scambio senza rete n\u00e9 ritegno in cui tutti hanno guadagnato. Ringraziamo Fausto Cigliano per aver reso eterno questo lavoro, Daniele Sepe per avergli dato sangue, nervi e dignit\u00e0, Guido Migliaro per averlo fatto improvvisamente decollare e Francesca Zurzolo per aver cantato come ha cantato, come sa cantare, come canta. Se non \u00e8 un \u201caltro canto\u201d questo!!! Grazie infine a Ninni Pascale ed a Franco Zaccaro, coautore e complice con A.Campese del concerto\/spettacolo \u201cSottosopra\u201d in cui sono presenti molte canzoni di questo disco e che vi invitiamo a seguire, putacaso ve ne capitasse l\u2019occasione. Ciao.<br \/>\nQualche notizia Tecnica<\/p>\n<p>Studio: Il Parco &#8211; Napoli<\/p>\n<p>Sound engineer: Carlo Gentiletti<\/p>\n<p>Mastering: Robert Fix<\/p>\n<p>Il lavoro \u00e8 stato registrato in digitale su Protools HD<\/p>\n","protected":false},"excerpt":{"rendered":"<p>Produttore artistico: Andrea Campese e Paolo Di Sarcina Musicisti: Andrea Campese, voce, chitarra; Carlo di Gennaro,batteria; Paolo di Sarcina, basso; Davide Smiraglia, pianoforte, tastiere; Franco Paolo Perreca, clarinetto, sax alto; Michele Grieco, clarinetto; Giuseppe Favoloro, sax alto e tenore. E con: Fausto Cigliano, Daniele Sepe, Guido Migliaro, Francesca Zurzolo. Una nota dell&#8217;autore: \u201cD\u2019altro canto\u201d\u00e8 un disco di canzoni. Proprio in quanto tale pu\u00f2 piacere o no. E\u2019 nell\u2019ordine naturale delle cose. Tuttavia lo sforzo che Andrea Campese &#038; Sbanda hanno [&hellip;]<\/p>\n","protected":false},"featured_media":158,"comment_status":"open","ping_status":"closed","template":"","meta":[],"product_cat":[15],"product_tag":[64],"acf":[],"_links":{"self":[{"href":"https:\/\/polosud.com\/2016\/wp-json\/wp\/v2\/product\/497"}],"collection":[{"href":"https:\/\/polosud.com\/2016\/wp-json\/wp\/v2\/product"}],"about":[{"href":"https:\/\/polosud.com\/2016\/wp-json\/wp\/v2\/types\/product"}],"replies":[{"embeddable":true,"href":"https:\/\/polosud.com\/2016\/wp-json\/wp\/v2\/comments?post=497"}],"wp:featuredmedia":[{"embeddable":true,"href":"https:\/\/polosud.com\/2016\/wp-json\/wp\/v2\/media\/158"}],"wp:attachment":[{"href":"https:\/\/polosud.com\/2016\/wp-json\/wp\/v2\/media?parent=497"}],"wp:term":[{"taxonomy":"product_cat","embeddable":true,"href":"https:\/\/polosud.com\/2016\/wp-json\/wp\/v2\/product_cat?post=497"},{"taxonomy":"product_tag","embeddable":true,"href":"https:\/\/polosud.com\/2016\/wp-json\/wp\/v2\/product_tag?post=497"}],"curies":[{"name":"wp","href":"https:\/\/api.w.org\/{rel}","templated":true}]}}