


{"id":50,"date":"2016-08-01T12:25:17","date_gmt":"2016-08-01T10:25:17","guid":{"rendered":"http:\/\/polosud.com\/2016\/?post_type=product&#038;p=50"},"modified":"2016-11-23T10:28:34","modified_gmt":"2016-11-23T09:28:34","slug":"e-chi-mo-canta-appriesso-a-mme","status":"publish","type":"product","link":"https:\/\/polosud.com\/2016\/catalogue\/e-chi-mo-canta-appriesso-a-mme\/","title":{"rendered":"E chi mo canta appriesso a mme?"},"content":{"rendered":"<p>Track list:<\/p>\n<ol>\n<li>Maruzzella<\/li>\n<li>Era De Maggio<\/li>\n<li>Passione<\/li>\n<li>Canzone Appassiunata<\/li>\n<li>Volo Yiddish<\/li>\n<li>\u2018O Surdato \u2018Nnamurato<\/li>\n<li>I\u2019 Te Vurria Vasa\u2019<\/li>\n<li>\u2018A Rumba D\u2019\u2019e Scugnizze<\/li>\n<li>Dicitencello Vuje<\/li>\n<li>Scetate<\/li>\n<li>Maggio Se Ne Va<\/li>\n<li>Chi Tene \u2018O Mare<\/li>\n<li>Tammurriata Nera<\/li>\n<li>Tu Si\u2019 \u2018Na Cosa Grande<\/li>\n<\/ol>\n<p>Il ciclo \u00e8 completo o quasi. Fu Pino Daniele, quando Mariangela D\u2019Abbraccio faceva disco music con Le Camomilla ma voleva recitare a tutti i costi a dirle: \u201cMa come, sei di Napoli, vuoi fare l\u2019attrice e non pensi ad Eduardo?\u201d E fu proprio De Filippo , poco dopo, a benedire il suo debutto teatrale. \u201cPer il Nero a met\u00e0 Eduardo era un un punto di riferimento fondamentale, aveva le sue foto in casa, quando ho registrato due suoi pezzi glieli ho mandati con un\u2019email,, volevo un suo giudizio. Non ho fatto in tempo a sapere cosa ne pensasse\u201d ricorda la cantattrice che quei due brani (\u201cMaggio se ne va\u201d e \u201cChi tene \u2018o mare\u201d) ha voluto al centro di \u201cE chi mo canta appriesso a mme? \u201c, il suo nuovo cd, edito dalla Polosud e presentato ieri alla Feltrinelli di piazza dei Martiri. Il ciclo \u00e8 completo o quasi. Il primo disco della D\u2019Abbraccio, \u201c Il cuore di Tot\u00f2\u201d, raccoglieva le canzoni del principe della risata inevitabilmente partenopee; il secondo, \u201cTeresa la ladra\u201d, cercava la strada del teatro musicale con la griffe di Dacia Maraini e Sergio Cammariere. Questo terzo nasce da uno spettacoli che (ri) porta a teatro i classici napoletani \u201cpi\u00f9 i moderni classici Modugno e Daniele, rinnovatori capaci di rispettare la tradizione\u201d, spiega lei \u201cconvita che il mio mestiere di attrice far\u00e0 sempre pi\u00f9 i conti con quello di cantante, come il teatro trover\u00e0 sempre pi\u00f9 voglia di flirtare con la musica. Comunque con queste canzoni intanto ritrovo me stessa, la mia cultura, la mia citt\u00e0, le mie radici \u201c, Accompagnata dalla piccola orchestra toscana della Musica da Ripostiglio (\u201cmusica da camera sarebbe stato presuntuoso\u201d spiegano loro con un sorriso sulle labbra). Mariangela ripercorre le orme di Lina Sastri: nel repertorio, nel gusto canoro, negli arrangiamenti acustici che guardano a volte al suono gipsy e klezmer, nella cornice teatrale che aggiunge recitativi \u2013 da Eduardo a Patroni Griffi, da Di Giacomo a Moscato nel suo caso \u2013 a \u201cEra de maggio\u201d e \u201cPassione\u201d, \u201cTammurriata Nera\u201d e \u201cTu si na cosa grande\u201d. Il titolo, rubato ai versi di quella \u201cMaruzzella\u201d che lanci\u00f2 la carriera della Sastri, sembra quasi una sfida, o forse una maniera per ammettere il campo comune e reclamare senza proclami roboanti la propria cifra. Pi\u00f9 teatrale nel porgere, sensuale nella sua maturit\u00e0, qualche volta sopra le righe ed altre ispirata da Gabriella Ferri nell\u2019affrontare gli arrangiamenti che i Musica da Ripostiglio firmano con Giacomo Zumpano, la D\u2019Abbraccio chiede al pubblico di cantare \u201cappriesso\u201d a lei, di seguirla dando nuovo fiato \u201ca questa mia avventura canora che \u00e8 insieme testimonianza di quanto fatto finora e punto di partenza per un viaggio appena iniziato\u201d.<\/p>\n","protected":false},"excerpt":{"rendered":"<p>Track list: Maruzzella Era De Maggio Passione Canzone Appassiunata Volo Yiddish \u2018O Surdato \u2018Nnamurato I\u2019 Te Vurria Vasa\u2019 \u2018A Rumba D\u2019\u2019e Scugnizze Dicitencello Vuje Scetate Maggio Se Ne Va Chi Tene \u2018O Mare Tammurriata Nera Tu Si\u2019 \u2018Na Cosa Grande Il ciclo \u00e8 completo o quasi. Fu Pino Daniele, quando Mariangela D\u2019Abbraccio faceva disco music con Le Camomilla ma voleva recitare a tutti i costi a dirle: \u201cMa come, sei di Napoli, vuoi fare l\u2019attrice e non pensi ad Eduardo?\u201d [&hellip;]<\/p>\n","protected":false},"featured_media":51,"comment_status":"open","ping_status":"closed","template":"","meta":[],"product_cat":[9],"product_tag":[27],"acf":[],"_links":{"self":[{"href":"https:\/\/polosud.com\/2016\/wp-json\/wp\/v2\/product\/50"}],"collection":[{"href":"https:\/\/polosud.com\/2016\/wp-json\/wp\/v2\/product"}],"about":[{"href":"https:\/\/polosud.com\/2016\/wp-json\/wp\/v2\/types\/product"}],"replies":[{"embeddable":true,"href":"https:\/\/polosud.com\/2016\/wp-json\/wp\/v2\/comments?post=50"}],"wp:featuredmedia":[{"embeddable":true,"href":"https:\/\/polosud.com\/2016\/wp-json\/wp\/v2\/media\/51"}],"wp:attachment":[{"href":"https:\/\/polosud.com\/2016\/wp-json\/wp\/v2\/media?parent=50"}],"wp:term":[{"taxonomy":"product_cat","embeddable":true,"href":"https:\/\/polosud.com\/2016\/wp-json\/wp\/v2\/product_cat?post=50"},{"taxonomy":"product_tag","embeddable":true,"href":"https:\/\/polosud.com\/2016\/wp-json\/wp\/v2\/product_tag?post=50"}],"curies":[{"name":"wp","href":"https:\/\/api.w.org\/{rel}","templated":true}]}}