


{"id":507,"date":"2016-09-04T12:27:36","date_gmt":"2016-09-04T10:27:36","guid":{"rendered":"http:\/\/polosud.com\/2016\/?post_type=product&#038;p=507"},"modified":"2016-09-04T12:27:36","modified_gmt":"2016-09-04T10:27:36","slug":"fenesta-che-lucive","status":"publish","type":"product","link":"https:\/\/polosud.com\/2016\/catalogue\/fenesta-che-lucive\/","title":{"rendered":"Fenesta che lucive"},"content":{"rendered":"<p>Produzione artistica: Ninni Pascale, Aldo de Vero, Gino Evangelista<\/p>\n<p>Una breve presentazione: Il disco contiene 12 brani classici napoletani da \u201cLariul\u00e0\u201d a \u201cVoce e notte\u201d alla titletrack \u201cFenesta che lucive\u201d armonizzati per coro in maniera originale e accompagnati da Gino Evangelista che, nell\u2019occasione, si alterna a strumenti classici (mandolino, chitarra e flauto) ed etnici (oud e percussioni varie). Ne viene fuori un album che mette in evidenza le splendide melodie della canzone napoletana in una luce pi\u00f9 antica e con un sapore pi\u00f9 etnico. Paradossalmente, in un momento in cui \u00e8 sempre pi\u00f9 forte l\u2019esigenza di sonorit\u00e0 nuove, in cui si denuncia con vigore il continuo appiattimento del mercato discografico, le novit\u00e0 sembrano trovarsi proprio nella riscoperta delle radici, nella rivisitazione di quella che \u00e8 la nostra storia in un\u2019ottica di ricollocamento del materiale originale in una forma sonora pi\u00f9 appropriata. \u201cLariul\u00e0\u201d, come \u201cIl canto delle lavandare del Vomero\u201d, \u00e8 probabimente pi\u00f9 vicina all\u2019oud di Evangelista che alla chitarra e al mandolino di Murolo.<\/p>\n<p>Qualche notizia Tecnica Studio: Il Parco &#8211; Napoli Sound engineer: Ninni Pascale, Michele Mineo Mastering: Robert Fix Il lavoro \u00e8 stato registrato in digitale su Protools 24<\/p>\n<p>Hanno Cantato:<br \/>\nSoprani: Arianna Bosco, Rosaria Capodanno, Carmela Di Stefano,Anna esposito, Carmela esposito, Mariarosaria Esposito, Lina Fiorentino, Rosaria Lauro, Elena Lubrano, Mena Lubrano, Romina Lubrano, Alison Robin, RTomina Sasso, Angela Scotto, Cinzia Scotto.<\/p>\n<p>Contralti: Lia de Santis, Nunzia D&#8217;Orio, Anna Esposito, Rosalba Lubrano, Antonella Monaco, Vania Nappa, Tina Rontino, Tilde Sarnico, Nunzia Scotto, Lucia Strudel, Rosalia Visaggio.<\/p>\n<p>Tenori: Ciro Ambrosino, Luca Aurelio, Vincenzo Barbiero, Marco Esposizione, Doimenico Florentino, Nanni Iazzetti, Sergio Maiocchi, Luigi Ruggi, Nicola Velati.<\/p>\n<p>Bassi: Emanuele Caiazzo, Luigi Cappiello, Nicola Cerase, Giancarlo Di Pietro, Antonio Esposito, Michele Intartaglia, Mariano Papandrea.<\/p>\n<p>Soprano solista: Graziella Scotto di Vettimo<\/p>\n","protected":false},"excerpt":{"rendered":"<p>Produzione artistica: Ninni Pascale, Aldo de Vero, Gino Evangelista Una breve presentazione: Il disco contiene 12 brani classici napoletani da \u201cLariul\u00e0\u201d a \u201cVoce e notte\u201d alla titletrack \u201cFenesta che lucive\u201d armonizzati per coro in maniera originale e accompagnati da Gino Evangelista che, nell\u2019occasione, si alterna a strumenti classici (mandolino, chitarra e flauto) ed etnici (oud e percussioni varie). Ne viene fuori un album che mette in evidenza le splendide melodie della canzone napoletana in una luce pi\u00f9 antica e con [&hellip;]<\/p>\n","protected":false},"featured_media":153,"comment_status":"open","ping_status":"closed","template":"","meta":[],"product_cat":[22],"product_tag":[69],"acf":[],"_links":{"self":[{"href":"https:\/\/polosud.com\/2016\/wp-json\/wp\/v2\/product\/507"}],"collection":[{"href":"https:\/\/polosud.com\/2016\/wp-json\/wp\/v2\/product"}],"about":[{"href":"https:\/\/polosud.com\/2016\/wp-json\/wp\/v2\/types\/product"}],"replies":[{"embeddable":true,"href":"https:\/\/polosud.com\/2016\/wp-json\/wp\/v2\/comments?post=507"}],"wp:featuredmedia":[{"embeddable":true,"href":"https:\/\/polosud.com\/2016\/wp-json\/wp\/v2\/media\/153"}],"wp:attachment":[{"href":"https:\/\/polosud.com\/2016\/wp-json\/wp\/v2\/media?parent=507"}],"wp:term":[{"taxonomy":"product_cat","embeddable":true,"href":"https:\/\/polosud.com\/2016\/wp-json\/wp\/v2\/product_cat?post=507"},{"taxonomy":"product_tag","embeddable":true,"href":"https:\/\/polosud.com\/2016\/wp-json\/wp\/v2\/product_tag?post=507"}],"curies":[{"name":"wp","href":"https:\/\/api.w.org\/{rel}","templated":true}]}}