


{"id":532,"date":"2016-09-04T13:32:06","date_gmt":"2016-09-04T11:32:06","guid":{"rendered":"http:\/\/polosud.com\/2016\/?post_type=product&#038;p=532"},"modified":"2016-09-04T13:32:06","modified_gmt":"2016-09-04T11:32:06","slug":"totosketches","status":"publish","type":"product","link":"https:\/\/polosud.com\/2016\/catalogue\/totosketches\/","title":{"rendered":"Tot\u00f2sketches"},"content":{"rendered":"<p><em>live cd<\/em><\/p>\n<p>Anno di pubblicazione: 1999<\/p>\n<p>Produttore artistico: Daniele Sepe<\/p>\n<p>Se il principe De Curtis, in arte Tot\u00f2, ha incontrato nel paradiso del buonumore un altro spiritaccio beffardo come Frank Zappa, la conversazione deve essere senz&#8217;altro andata a parare su un nipote che abita ancora questa valle di lacrime, con l&#8217;impegno di portare una ventata d&#8217;allegria nelle cronache di ordinaria disperazione, si chiama Daniele Sepe&#8230;<\/p>\n<p>Lo spettacolo si chiama &#8220;Tot\u00f2 Sketches&#8221; ed \u00e9 il pi\u00f9 formidabile omaggio teatralmente reso alla vis comica del principe&#8230;<\/p>\n<p>&#8230;Daniele Sepe, curriculum musicale che sembra un rompicapo (dal folk ai quartetti d&#8217;archi, dalle colonne sonore al jazz puro) \u00e9 napoletano come il principe, e come Tot\u00f2 ha in odio gli onorevoli Trombetta, le banalit\u00e0 trionfie e i saccenti che cavillano a vuoto per nascondere crasse ignoranze di fondo&#8230;<\/p>\n<p>Il pubblico si aspettava qualcosa di speciale, quando ha visto il quartetto dei fiati piazzato da un lato del palco, contrabbasso e batteria dall&#8217;altro, in mezzo uno schermo gigante: non per\u00f2 tanta deragliante comicit\u00e0 vestita di buona musica&#8230;<\/p>\n<p>&#8230;il fatto \u00e9 che Daniele Sepe inventa perfide surrealit\u00e0, che sono all&#8217;avanguardia e poi si gustano come i pernacchi del principe a cominciare dalla micidiale introduzione&#8230;<\/p>\n<p>&#8230;il sonoro \u00e9 l&#8217;orchestra di Daniele Sepe, che in tempo reale (e con un sincronismo stupefacente) dal buio rimanda ghignanti guizzi, ceffoni e suoni della piazza&#8230; \u00e9 un caleidoscopio, con punte di tenerezza spiazzanti quando sullo schermo \u00e9 Tot\u00f2 stesso che &#8220;dirige&#8221; l&#8217;Art Ensemble of Soccavo&#8230;<\/p>\n<p>&#8230;il principe ritrova nervi, muscoli e intelligenza comica, si stenta a credere che ci\u00f2 che succede aldi l\u00e0 dello schermo non sia nato nello stesso scompartimento dove Tot\u00f2 sbeffeggiava l&#8217;onorevole&#8230;<\/p>\n<p>&#8230;poi si riaccendono le luci, evapora il sogno intelligente di Daniele Sepe e della sua &#8220;banda degli onesti&#8221;, sullo schermo una scritta avverte che, in ogni caso, &#8220;ogni limite ha una pazienza&#8221;.<\/p>\n<p>Guido Festinese &#8211; (La Repubblica, 06\/08\/94)<\/p>\n<p><strong><em>Qualche notizia Tecnica:<\/em><\/strong><\/p>\n<p>Registrato dal vivo a Malnate (VA) da Carlo Gentiletti il 25\/07\/98 &#8211; Mastering: Bob Fix<\/p>\n","protected":false},"excerpt":{"rendered":"<p>live cd Anno di pubblicazione: 1999 Produttore artistico: Daniele Sepe Se il principe De Curtis, in arte Tot\u00f2, ha incontrato nel paradiso del buonumore un altro spiritaccio beffardo come Frank Zappa, la conversazione deve essere senz&#8217;altro andata a parare su un nipote che abita ancora questa valle di lacrime, con l&#8217;impegno di portare una ventata d&#8217;allegria nelle cronache di ordinaria disperazione, si chiama Daniele Sepe&#8230; Lo spettacolo si chiama &#8220;Tot\u00f2 Sketches&#8221; ed \u00e9 il pi\u00f9 formidabile omaggio teatralmente reso alla [&hellip;]<\/p>\n","protected":false},"featured_media":145,"comment_status":"open","ping_status":"closed","template":"","meta":[],"product_cat":[61],"product_tag":[78],"acf":[],"_links":{"self":[{"href":"https:\/\/polosud.com\/2016\/wp-json\/wp\/v2\/product\/532"}],"collection":[{"href":"https:\/\/polosud.com\/2016\/wp-json\/wp\/v2\/product"}],"about":[{"href":"https:\/\/polosud.com\/2016\/wp-json\/wp\/v2\/types\/product"}],"replies":[{"embeddable":true,"href":"https:\/\/polosud.com\/2016\/wp-json\/wp\/v2\/comments?post=532"}],"wp:featuredmedia":[{"embeddable":true,"href":"https:\/\/polosud.com\/2016\/wp-json\/wp\/v2\/media\/145"}],"wp:attachment":[{"href":"https:\/\/polosud.com\/2016\/wp-json\/wp\/v2\/media?parent=532"}],"wp:term":[{"taxonomy":"product_cat","embeddable":true,"href":"https:\/\/polosud.com\/2016\/wp-json\/wp\/v2\/product_cat?post=532"},{"taxonomy":"product_tag","embeddable":true,"href":"https:\/\/polosud.com\/2016\/wp-json\/wp\/v2\/product_tag?post=532"}],"curies":[{"name":"wp","href":"https:\/\/api.w.org\/{rel}","templated":true}]}}