


{"id":538,"date":"2016-09-04T13:43:57","date_gmt":"2016-09-04T11:43:57","guid":{"rendered":"http:\/\/polosud.com\/2016\/?post_type=product&#038;p=538"},"modified":"2016-09-04T13:43:57","modified_gmt":"2016-09-04T11:43:57","slug":"polvere-di-napoli","status":"publish","type":"product","link":"https:\/\/polosud.com\/2016\/catalogue\/polvere-di-napoli\/","title":{"rendered":"Polvere di Napoli"},"content":{"rendered":"<p>Anno di pubblicazione: 1998<\/p>\n<p>Produzione artistica: Marco Zurzolo<\/p>\n<p><strong><br \/>\nQualche nota dell&#8217;autore:<\/strong><\/p>\n<p>\u201cPolvere di Napoli\u201d \u00e8 il mio secondo lavoro discografico.<\/p>\n<p>Raccoglie le esperienze di quegli anni. E&#8217; un lavoro vario e articolato che si muove in pi\u00f9 direzioni dando luogo ad un viaggio musicale in cui le diverse sonorit\u00e0 nascono e si trasformano, intrecciandosi continuamente fra loro.<\/p>\n<p>Le composizioni di questo CD (un p\u00f2 come accaduto in embrione su &#8220;Lido Aurora&#8221;) cercano l&#8217; incontro, tra le musiche tradizionali del Sud Est Europeo e quelle del Mediterraneo con forti riferimenti alla musica , ebraica e balcanica, oltre naturalmente a quella napoletana.<\/p>\n<p>La musica, in questi paesi , viene vissuta in maniera centrale rispetto alla vita e sembra che la sofferenza ispiri questi popoli ad andare, musicalmente parlando, nella stessa direzione.<\/p>\n<p>La curiosit\u00e0 verso la musica etnica, mi ha portato ancora pi\u00f9 lontano, ad esplorare anche il Nord ed il Sud America. L\u00ec ho cercato di trovare e mettere in evidenza la musica tramandata oralmente, quella creata dalla gente, quella che rispecchia realmente il carattere dei popoli.<\/p>\n<p>Nel periodo in cui \u00e8 nato questo disco ebbi l&#8217;incarico di comporre la colonna sonora del film di Antonio Capuano &#8220;Polvere di Napoli&#8221;. La storia del film, la sua atmosfera, erano molto vicini alla ispirazione e all&#8217;idea che stavo sviluppando per il mio disco. Mi \u00e8 sembrato quindi automatico portare qualche brano del film nel disco e qualche idea musicale del disco nel film.<\/p>\n<p>Grazie infine a Francesca Zurzolo per essere entrata completamente, con la sua prticolare vocalit\u00e0, nello spirito di questo cd.<\/p>\n<p>Una curiosit\u00e0: il brano &#8220;Alla prima delle prime&#8221; vede l&#8217; eccezionale partecipazione, in veste di cantanti, di due grandi attori: Silvio Orlando e Tonino Taiuti.<\/p>\n<p><em><strong><br \/>\nQualche notizia Tecnica<\/strong><\/em><\/p>\n<p>Registrazione e missaggi: studio Il Parco &#8211; Napoli<\/p>\n<p>Sound engineer: Carlo Gentiletti<\/p>\n<p>Il lavoro \u00e8 stato registrato in digitale sul Sony 3324 S e quindi missato sul Trident Serie 80B direttamente su AKAI DD1000.<\/p>\n","protected":false},"excerpt":{"rendered":"<p>Anno di pubblicazione: 1998 Produzione artistica: Marco Zurzolo Qualche nota dell&#8217;autore: \u201cPolvere di Napoli\u201d \u00e8 il mio secondo lavoro discografico. Raccoglie le esperienze di quegli anni. E&#8217; un lavoro vario e articolato che si muove in pi\u00f9 direzioni dando luogo ad un viaggio musicale in cui le diverse sonorit\u00e0 nascono e si trasformano, intrecciandosi continuamente fra loro. Le composizioni di questo CD (un p\u00f2 come accaduto in embrione su &#8220;Lido Aurora&#8221;) cercano l&#8217; incontro, tra le musiche tradizionali del Sud [&hellip;]<\/p>\n","protected":false},"featured_media":141,"comment_status":"open","ping_status":"closed","template":"","meta":[],"product_cat":[45,21],"product_tag":[79],"acf":[],"_links":{"self":[{"href":"https:\/\/polosud.com\/2016\/wp-json\/wp\/v2\/product\/538"}],"collection":[{"href":"https:\/\/polosud.com\/2016\/wp-json\/wp\/v2\/product"}],"about":[{"href":"https:\/\/polosud.com\/2016\/wp-json\/wp\/v2\/types\/product"}],"replies":[{"embeddable":true,"href":"https:\/\/polosud.com\/2016\/wp-json\/wp\/v2\/comments?post=538"}],"wp:featuredmedia":[{"embeddable":true,"href":"https:\/\/polosud.com\/2016\/wp-json\/wp\/v2\/media\/141"}],"wp:attachment":[{"href":"https:\/\/polosud.com\/2016\/wp-json\/wp\/v2\/media?parent=538"}],"wp:term":[{"taxonomy":"product_cat","embeddable":true,"href":"https:\/\/polosud.com\/2016\/wp-json\/wp\/v2\/product_cat?post=538"},{"taxonomy":"product_tag","embeddable":true,"href":"https:\/\/polosud.com\/2016\/wp-json\/wp\/v2\/product_tag?post=538"}],"curies":[{"name":"wp","href":"https:\/\/api.w.org\/{rel}","templated":true}]}}