


{"id":559,"date":"2016-09-04T17:25:12","date_gmt":"2016-09-04T15:25:12","guid":{"rendered":"http:\/\/polosud.com\/2016\/?post_type=product&#038;p=559"},"modified":"2016-09-04T17:25:12","modified_gmt":"2016-09-04T15:25:12","slug":"mondanita","status":"publish","type":"product","link":"https:\/\/polosud.com\/2016\/catalogue\/mondanita\/","title":{"rendered":"Mondanit\u00e0"},"content":{"rendered":"<p>Anno di pubblicazione: 1997<\/p>\n<p>Produzione artistica: Ninni Pascale e Ninette<\/p>\n<p><strong>Musicisti:<\/strong> Ninette: voce e chitarra &#8211; Lele Nitti: basso &#8211; Diego Iacuz: chitarra &#8211; Andrea Vinti: batteria &#8211; Chiara Cappuccio: piano &#8211; Simona Frasca: clarinetto &#8211; Ninni Pascale: Sequencial circuit synt &#8211; Igor Smoday: viola &#8211; Riccardo Inda: contrabbasso.<\/p>\n<p>Inoltre: la voce che introduce il primo brano \u00e8 di Eva Robbins &#8211; il brano 2 \u00e8 cantato da Roberta Andal\u00f2.<\/p>\n<p><em><strong><br \/>\nQualche notizia Tecnica<\/strong><\/em><\/p>\n<p>Registrazioni e missaggi: studio Il Parco &#8211; Napoli<\/p>\n<p>Sound engineer: Ninni Pascale e Claudio Bevilacqua<\/p>\n<p>Il lavoro \u00e8 stato registrato in digitale sul Sony 3324 S e quindi missato sul Trident Serie 80B direttamente su AKAI DD1000.<\/p>\n","protected":false},"excerpt":{"rendered":"<p>Anno di pubblicazione: 1997 Produzione artistica: Ninni Pascale e Ninette Musicisti: Ninette: voce e chitarra &#8211; Lele Nitti: basso &#8211; Diego Iacuz: chitarra &#8211; Andrea Vinti: batteria &#8211; Chiara Cappuccio: piano &#8211; Simona Frasca: clarinetto &#8211; Ninni Pascale: Sequencial circuit synt &#8211; Igor Smoday: viola &#8211; Riccardo Inda: contrabbasso. Inoltre: la voce che introduce il primo brano \u00e8 di Eva Robbins &#8211; il brano 2 \u00e8 cantato da Roberta Andal\u00f2. Qualche notizia Tecnica Registrazioni e missaggi: studio Il Parco &#8211; [&hellip;]<\/p>\n","protected":false},"featured_media":189,"comment_status":"open","ping_status":"closed","template":"","meta":[],"product_cat":[85],"product_tag":[80],"acf":[],"_links":{"self":[{"href":"https:\/\/polosud.com\/2016\/wp-json\/wp\/v2\/product\/559"}],"collection":[{"href":"https:\/\/polosud.com\/2016\/wp-json\/wp\/v2\/product"}],"about":[{"href":"https:\/\/polosud.com\/2016\/wp-json\/wp\/v2\/types\/product"}],"replies":[{"embeddable":true,"href":"https:\/\/polosud.com\/2016\/wp-json\/wp\/v2\/comments?post=559"}],"wp:featuredmedia":[{"embeddable":true,"href":"https:\/\/polosud.com\/2016\/wp-json\/wp\/v2\/media\/189"}],"wp:attachment":[{"href":"https:\/\/polosud.com\/2016\/wp-json\/wp\/v2\/media?parent=559"}],"wp:term":[{"taxonomy":"product_cat","embeddable":true,"href":"https:\/\/polosud.com\/2016\/wp-json\/wp\/v2\/product_cat?post=559"},{"taxonomy":"product_tag","embeddable":true,"href":"https:\/\/polosud.com\/2016\/wp-json\/wp\/v2\/product_tag?post=559"}],"curies":[{"name":"wp","href":"https:\/\/api.w.org\/{rel}","templated":true}]}}