


{"id":571,"date":"2016-09-04T17:49:33","date_gmt":"2016-09-04T15:49:33","guid":{"rendered":"http:\/\/polosud.com\/2016\/?post_type=product&#038;p=571"},"modified":"2016-09-04T17:49:33","modified_gmt":"2016-09-04T15:49:33","slug":"malamusica","status":"publish","type":"product","link":"https:\/\/polosud.com\/2016\/catalogue\/malamusica\/","title":{"rendered":"Malamusica"},"content":{"rendered":"<p>Anno di pubblicazione: 1996<\/p>\n<p>Produttore artistico: Daniele Sepe<\/p>\n<p><strong><br \/>\nQualche curiosit\u00e0:<\/strong><\/p>\n<p>Il cd \u00e8 in realt\u00e0 la ristampa del primo album di Daniele Sepe edito nel 1987 e prodotto dallo stesso Daniele e dallo studio &#8220;Il Parco&#8221; .<\/p>\n<p>Il disco era in vinile e conteneva 13 brani , 3 di questi sono stati eliminati e al loro posto sono stati aggiunti i brani 5, 9, 10, 12, 15, 16 e 17 (appartenenti comunque a quel periodo).<\/p>\n<p><em><strong><br \/>\nQualche notizia Tecnica<\/strong><\/em><\/p>\n<p>Il disco \u00e8 stato registrato in analogico.<\/p>\n<p>Le registrazioni originali sono state rimasterizzate da:<\/p>\n<p>Bob Fix, Carlo Gentiletti e D. Sepe<br \/>\n<em>I brani 1 , 2, 3, 4, 6, 7, 8, 9, 11, 12 e 13 sono stati registrati a &#8220;Il Parco&#8221; e &#8220;Mr. Hart&#8221; da Ninni Pascale, Umberto Sirigatti ed Enzo Rizzo .<\/em><\/p>\n<p><em>I brani 1, 7, 8, 9, 11, sono stati missati a &#8220;Il Parco&#8221; da Gigi De Rienzo e Daniele Sepe<\/em><\/p>\n<p><em>I Brani 2, 3, 4, 6, 12 e13 sono stati missati a &#8220;Il Parco&#8221; da Ninni Pascale e Daniele Sepe<\/em><\/p>\n<p><em>I Brani 10 e 13 sono stati registrati e missati a &#8220;Il Parco&#8221; da Ninni Pascale<\/em><\/p>\n<p><em>I Brani 13 e 17 sono tratti dal film\/documentario &#8220;Lettere dall&#8217;America&#8221; di G. Pannone<\/em><\/p>\n<p><em>I Brani 5e 16 sono stati registrati e missati da John Ryan, Luca Rustici e D. Sepe all'&#8221;Executive&#8221;<\/em><\/p>\n<p><em>I Brani &#8220;Carmela&#8221; e &#8220;Tammurriata Nera&#8221; sono tratti dal cd &#8220;Rosa, Preta e Stelle&#8221; di Pina Cipriani<\/em><\/p>\n","protected":false},"excerpt":{"rendered":"<p>Anno di pubblicazione: 1996 Produttore artistico: Daniele Sepe Qualche curiosit\u00e0: Il cd \u00e8 in realt\u00e0 la ristampa del primo album di Daniele Sepe edito nel 1987 e prodotto dallo stesso Daniele e dallo studio &#8220;Il Parco&#8221; . Il disco era in vinile e conteneva 13 brani , 3 di questi sono stati eliminati e al loro posto sono stati aggiunti i brani 5, 9, 10, 12, 15, 16 e 17 (appartenenti comunque a quel periodo). Qualche notizia Tecnica Il disco [&hellip;]<\/p>\n","protected":false},"featured_media":129,"comment_status":"open","ping_status":"closed","template":"","meta":[],"product_cat":[21],"product_tag":[89],"acf":[],"_links":{"self":[{"href":"https:\/\/polosud.com\/2016\/wp-json\/wp\/v2\/product\/571"}],"collection":[{"href":"https:\/\/polosud.com\/2016\/wp-json\/wp\/v2\/product"}],"about":[{"href":"https:\/\/polosud.com\/2016\/wp-json\/wp\/v2\/types\/product"}],"replies":[{"embeddable":true,"href":"https:\/\/polosud.com\/2016\/wp-json\/wp\/v2\/comments?post=571"}],"wp:featuredmedia":[{"embeddable":true,"href":"https:\/\/polosud.com\/2016\/wp-json\/wp\/v2\/media\/129"}],"wp:attachment":[{"href":"https:\/\/polosud.com\/2016\/wp-json\/wp\/v2\/media?parent=571"}],"wp:term":[{"taxonomy":"product_cat","embeddable":true,"href":"https:\/\/polosud.com\/2016\/wp-json\/wp\/v2\/product_cat?post=571"},{"taxonomy":"product_tag","embeddable":true,"href":"https:\/\/polosud.com\/2016\/wp-json\/wp\/v2\/product_tag?post=571"}],"curies":[{"name":"wp","href":"https:\/\/api.w.org\/{rel}","templated":true}]}}