


{"id":573,"date":"2016-09-04T17:54:11","date_gmt":"2016-09-04T15:54:11","guid":{"rendered":"http:\/\/polosud.com\/2016\/?post_type=product&#038;p=573"},"modified":"2016-09-04T17:54:11","modified_gmt":"2016-09-04T15:54:11","slug":"disneyland-degli-dei","status":"publish","type":"product","link":"https:\/\/polosud.com\/2016\/catalogue\/disneyland-degli-dei\/","title":{"rendered":"Disneyland degli Dei"},"content":{"rendered":"<p>Anno di pubblicazione: 1996<\/p>\n<p>Produzione artistica: Geremia Tierno<\/p>\n<p>Arrangiamenti: Geremia Tierno<\/p>\n<p>Arrangiamenti Voci: Donato Papadia<\/p>\n<p><em><strong><br \/>\nQualche notizia Tecnica<\/strong><\/em><\/p>\n<p>Studio: Il Parco &#8211; Napoli<\/p>\n<p>Sound engineer: Ninni Pascale, Carlo Gentiletti, Claudio Bevilacqua<\/p>\n<p>Il lavoro \u00e8 stato registrato in digitale sul Sony 3324 S e quindi missato sul Trident Serie 80B direttamente su AKAI DD1000.<\/p>\n<p>\u00a0<\/p>\n<p><strong>Qualche nota degli autori sui brani<\/strong><\/p>\n<p>EUROPEI DI BOMBAY: \u00e9 una riflessione sulle inacettabili condizioni di vita in cui versa il meridione, ancora molte lontano dal \u201cmodello europeo\u201d.<\/p>\n<p>NON OBLITERARE: forse abbiamo perso un po\u2019 tutti il senso di responsabilit\u00e0 riguardo le problematiche mondiali come: l\u2019embargo, l\u2019ecologia, il nucleare, etc..<\/p>\n<p>MULTIRAZZIALE: \u201cRazzismo\u201d problema vecchio quanto il mondo. Vecchio ma sempre giovane ed \u00e8 per questo che si parla di multirazzialit\u00e0 per unire tutti i popoli invitandoli a danzare insieme al ritmo di un\u2019unica musica.<\/p>\n<p>PEONES E BRIGANTI: testo ermetico, sociale ed anche un po\u2019 autobiografico, testimone della difficile lotta per la sopravvivenza; \u201cchi in queste condizioni non \u00e8 mai stato, anche solo per un giorno, un po\u2019 peones o un po\u2019 brigante?\u201d<\/p>\n<p>AVE RAGIONE GIUANN: gi\u00e0 presente nella compilation \u201cCanta Napoli antifascista\u201d. Giovanni esiste, come il problema occupazione nel Sud.<\/p>\n<p>FORE O BALCONE: a favore della liberalizzazione delle droghe leggere. Un\u2019alternativa naturalista per spezzare l\u2019egemonia dei mercanti di morte.<\/p>\n<p>7 SETTE: \u201cFin dalle 07,00 diffidate dalle sette\u201d. Un grido d\u2019allarme per metterci in guardia da sette che sfociano in deliri di massa trovando terreno fertile specialmente qui in Occidente.\u201cE\u2019 cervelle so\u2019 na\u2019 sfoglia e\u2019 cipolla\u201d.<\/p>\n<p>144 SEX MACHINE: la T.V. \u201ccattiva maestra di comunicazione\u201d. In una scatola di vet ro concentrati culi e cosce di passioni bruciate in pochi minuti alla cornetta di un telefono. Pubblicit\u00e0 che sfrutta la parte pi\u00f9 innocente della nostra societ\u00e0 su cui cade il peso di tutt le nostre insicurezze.<\/p>\n<p>AQUILE: demiurgo, figura sagga del\u2019antica Grecia, colui che dettava leggi. Oggi di saggezza ce n\u2019\u00e8 ben poca e si dettano leggi solo per i propri interessi.<\/p>\n<p>OMBRE VESUVIANE: \u00e8 una preghiera rivolta al Vesuvio affinch\u00e8 smuovi un po\u2019 gli animi, per ricordare agli uomini che la natura e la sua forza non si pu\u00f2 comprare.<\/p>\n<p>TUTTE MEDICINE: unico e solo colpo in canna rimastoci \u00e8 la jettatura e si spera che con l\u2019aiuto di Tot\u00f2 si riesca a fare centro.<\/p>\n","protected":false},"excerpt":{"rendered":"<p>Anno di pubblicazione: 1996 Produzione artistica: Geremia Tierno Arrangiamenti: Geremia Tierno Arrangiamenti Voci: Donato Papadia Qualche notizia Tecnica Studio: Il Parco &#8211; Napoli Sound engineer: Ninni Pascale, Carlo Gentiletti, Claudio Bevilacqua Il lavoro \u00e8 stato registrato in digitale sul Sony 3324 S e quindi missato sul Trident Serie 80B direttamente su AKAI DD1000. \u00a0 Qualche nota degli autori sui brani EUROPEI DI BOMBAY: \u00e9 una riflessione sulle inacettabili condizioni di vita in cui versa il meridione, ancora molte lontano dal [&hellip;]<\/p>\n","protected":false},"featured_media":188,"comment_status":"open","ping_status":"closed","template":"","meta":[],"product_cat":[45,19],"product_tag":[89],"acf":[],"_links":{"self":[{"href":"https:\/\/polosud.com\/2016\/wp-json\/wp\/v2\/product\/573"}],"collection":[{"href":"https:\/\/polosud.com\/2016\/wp-json\/wp\/v2\/product"}],"about":[{"href":"https:\/\/polosud.com\/2016\/wp-json\/wp\/v2\/types\/product"}],"replies":[{"embeddable":true,"href":"https:\/\/polosud.com\/2016\/wp-json\/wp\/v2\/comments?post=573"}],"wp:featuredmedia":[{"embeddable":true,"href":"https:\/\/polosud.com\/2016\/wp-json\/wp\/v2\/media\/188"}],"wp:attachment":[{"href":"https:\/\/polosud.com\/2016\/wp-json\/wp\/v2\/media?parent=573"}],"wp:term":[{"taxonomy":"product_cat","embeddable":true,"href":"https:\/\/polosud.com\/2016\/wp-json\/wp\/v2\/product_cat?post=573"},{"taxonomy":"product_tag","embeddable":true,"href":"https:\/\/polosud.com\/2016\/wp-json\/wp\/v2\/product_tag?post=573"}],"curies":[{"name":"wp","href":"https:\/\/api.w.org\/{rel}","templated":true}]}}