


{"id":576,"date":"2016-09-04T17:57:45","date_gmt":"2016-09-04T15:57:45","guid":{"rendered":"http:\/\/polosud.com\/2016\/?post_type=product&#038;p=576"},"modified":"2016-09-04T17:57:45","modified_gmt":"2016-09-04T15:57:45","slug":"lido-aurora","status":"publish","type":"product","link":"https:\/\/polosud.com\/2016\/catalogue\/lido-aurora\/","title":{"rendered":"Lido Aurora"},"content":{"rendered":"<p>Anno di pubblicazione: 1995<\/p>\n<p>Produzione artistica: Marco Zurzolo e Vittorio Riva<\/p>\n<p>Arrangiamenti: Marco Zurzolo<\/p>\n<p>Arrangiamento archi: Pino Iodice<br \/>\n<strong><\/p>\n<p>Qualche nota dell&#8217;autore:<\/strong><\/p>\n<p>Questo cd nasce dopo anni di lavoro in molteplici realt\u00e0 musicali, nasce dal tentativo di rinnovamento continuo e dalla sperimentazione quotidiana. In Lido Aurora c&#8217;\u00e8 tutto ci\u00f2 che \u00e8 pi\u00f9 mio, c&#8217;\u00e8 la storia della mia crescita all&#8217;interno di una citt\u00e0 che ti condiziona pesantemente con le sue crisi e le sue rinascite, con la sua sofferenza e la sua gioia.<\/p>\n<p>In questo lavoro ho cercato di trasmettere le suggestioni che ho vissuto e continuo a vivere da napoletano e ho usato quello che \u00e8 un p\u00f2 il patrimonio della mia terra: la forma canzone ed il dialetto.<\/p>\n<p>I brani dell&#8217;album nascono strumentali e vengono eseguiti da un quartetto acustico (piano, contrabbasso, batteria e sax). Il tentativo \u00e8 quello di fondere la melodia solare del sud, con i ritmi a volte tragici del tango argentino, con i tempi dispari della tradizione popolare mediterranea.<br \/>\n<strong><\/p>\n<p>Infine un paio di curiosit\u00e0:<\/strong><\/p>\n<p>nel brano &#8220;Femmena Mimosa&#8221; c&#8217;\u00e8 una riunione familiare! Mio fratello Rino al contrabbasso e mia sorella Francesca alla voce.<\/p>\n<p>il brano &#8220;Sbarcando dall&#8217;altra parte del mondo&#8221; dedicato a Troisi \u00e8 stato registrato dal vivo ed ho preferito, anche un p\u00f2 a discapito della qualit\u00e0 audio, non risuonarlo in studio, per conservare intatte le emozioni di quella serata.<\/p>\n<p><em><strong>Qualche notizia Tecnica<\/strong><\/em><\/p>\n<p>Studio: Il Parco &#8211; Napoli<\/p>\n<p>Sound engineer: Robert Fix, Carlo Gentiletti<\/p>\n<p>Il lavoro \u00e8 stato registrato in digitale sul Sony 3324 S e quindi missato sul Trident Serie 80B direttamente su AKAI DD1000.<\/p>\n<p>Il brano 11 \u00e8 stato registrato live da Gianni Bove a San Giorgio (NA) durante la rassegna &#8220;Omaggio a Troisi&#8221;.<\/p>\n","protected":false},"excerpt":{"rendered":"<p>Anno di pubblicazione: 1995 Produzione artistica: Marco Zurzolo e Vittorio Riva Arrangiamenti: Marco Zurzolo Arrangiamento archi: Pino Iodice Qualche nota dell&#8217;autore: Questo cd nasce dopo anni di lavoro in molteplici realt\u00e0 musicali, nasce dal tentativo di rinnovamento continuo e dalla sperimentazione quotidiana. In Lido Aurora c&#8217;\u00e8 tutto ci\u00f2 che \u00e8 pi\u00f9 mio, c&#8217;\u00e8 la storia della mia crescita all&#8217;interno di una citt\u00e0 che ti condiziona pesantemente con le sue crisi e le sue rinascite, con la sua sofferenza e la [&hellip;]<\/p>\n","protected":false},"featured_media":128,"comment_status":"open","ping_status":"closed","template":"","meta":[],"product_cat":[24,15],"product_tag":[89],"acf":[],"_links":{"self":[{"href":"https:\/\/polosud.com\/2016\/wp-json\/wp\/v2\/product\/576"}],"collection":[{"href":"https:\/\/polosud.com\/2016\/wp-json\/wp\/v2\/product"}],"about":[{"href":"https:\/\/polosud.com\/2016\/wp-json\/wp\/v2\/types\/product"}],"replies":[{"embeddable":true,"href":"https:\/\/polosud.com\/2016\/wp-json\/wp\/v2\/comments?post=576"}],"wp:featuredmedia":[{"embeddable":true,"href":"https:\/\/polosud.com\/2016\/wp-json\/wp\/v2\/media\/128"}],"wp:attachment":[{"href":"https:\/\/polosud.com\/2016\/wp-json\/wp\/v2\/media?parent=576"}],"wp:term":[{"taxonomy":"product_cat","embeddable":true,"href":"https:\/\/polosud.com\/2016\/wp-json\/wp\/v2\/product_cat?post=576"},{"taxonomy":"product_tag","embeddable":true,"href":"https:\/\/polosud.com\/2016\/wp-json\/wp\/v2\/product_tag?post=576"}],"curies":[{"name":"wp","href":"https:\/\/api.w.org\/{rel}","templated":true}]}}