


{"id":60,"date":"2016-08-02T11:40:36","date_gmt":"2016-08-02T09:40:36","guid":{"rendered":"http:\/\/polosud.com\/2016\/?post_type=product&#038;p=60"},"modified":"2016-08-04T12:55:26","modified_gmt":"2016-08-04T10:55:26","slug":"ogni-cosa-e-al-suo-posto","status":"publish","type":"product","link":"https:\/\/polosud.com\/2016\/catalogue\/ogni-cosa-e-al-suo-posto\/","title":{"rendered":"Ogni cosa \u00e8 al suo posto"},"content":{"rendered":"<p>Alle sessioni di registrazione hanno suonato oltre agli EPO (e cio\u00e8 Ciro Tuzzi voce, chitarre acustiche, chitarre elettriche, lap steel, mandolino, guitalele, drum programming, synth &#8211;\u00a0 Michele De Finis, chitarre elettriche, basso, pianoforte, treni che deragliano &#8211; Jonathan Maurano, Batteria e percussioni)\u00a0 alcuni tra i pi\u00f9 interessanti musicisti della &#8220;nuova ondata&#8221; napoletana: Ron Grieco (contrabbasso), Giovanni Block (flauti), Giovanni Truppi (pianoforte\/cori), Simone Morabito (Onirica), Dario Sansone (Foja), Claudio Domestico (Gnut), Nicola D&#8217;Auria (Onirica), Claudia Sorvillo (Corde Oblique); il musicista romano Pierpaolo Ranieri (bassista\/Paola Turci-Paul Gilbert) e la cantante Marina Rei che canta nel brano &#8220;Un Fuoco&#8221;.<\/p>\n<p>&#8220;Ogni cosa \u00e8 al suo posto&#8221; \u00e8 stato registrato da Alessandro D&#8217;Aniello presso lo studio &#8220;Il Parco&#8221; di Napoli ad eccezione di &#8220;A piedi nudi sui vetri&#8221;, registrata al &#8220;Big John&#8221; studio di Roma da Tommaso Galati.<br \/>\nL&#8217;album \u00e8 stato missato da Gianluca Vaccaro (Carmen Consoli, Nicol\u00f2 Fabi, Max Gazz\u00e8, The Niro) al Terminal 2 di Roma e masterizzato da Bob Fix al MasteringStudio di Napoli.<\/p>\n<p>Tutti i brani sono stati composti da Ciro Tuzzi<\/p>\n<p>Preproduzione realizzata all&#8217;Orange Bug di Salvio Imparato.<\/p>\n<p>Prodotto da Ninni Pascale per Polosud.<\/p>\n<p>Produzione artistica: Ciro Tuzzi<\/p>\n<p>Arrangiamenti: Ciro Tuzzi, Michele De Finis, Jonathan Maurano<\/p>\n","protected":false},"excerpt":{"rendered":"<p>Alle sessioni di registrazione hanno suonato oltre agli EPO (e cio\u00e8 Ciro Tuzzi voce, chitarre acustiche, chitarre elettriche, lap steel, mandolino, guitalele, drum programming, synth &#8211;\u00a0 Michele De Finis, chitarre elettriche, basso, pianoforte, treni che deragliano &#8211; Jonathan Maurano, Batteria e percussioni)\u00a0 alcuni tra i pi\u00f9 interessanti musicisti della &#8220;nuova ondata&#8221; napoletana: Ron Grieco (contrabbasso), Giovanni Block (flauti), Giovanni Truppi (pianoforte\/cori), Simone Morabito (Onirica), Dario Sansone (Foja), Claudio Domestico (Gnut), Nicola D&#8217;Auria (Onirica), Claudia Sorvillo (Corde Oblique); il musicista romano [&hellip;]<\/p>\n","protected":false},"featured_media":61,"comment_status":"open","ping_status":"closed","template":"","meta":[],"product_cat":[13],"product_tag":[30],"acf":[],"_links":{"self":[{"href":"https:\/\/polosud.com\/2016\/wp-json\/wp\/v2\/product\/60"}],"collection":[{"href":"https:\/\/polosud.com\/2016\/wp-json\/wp\/v2\/product"}],"about":[{"href":"https:\/\/polosud.com\/2016\/wp-json\/wp\/v2\/types\/product"}],"replies":[{"embeddable":true,"href":"https:\/\/polosud.com\/2016\/wp-json\/wp\/v2\/comments?post=60"}],"wp:featuredmedia":[{"embeddable":true,"href":"https:\/\/polosud.com\/2016\/wp-json\/wp\/v2\/media\/61"}],"wp:attachment":[{"href":"https:\/\/polosud.com\/2016\/wp-json\/wp\/v2\/media?parent=60"}],"wp:term":[{"taxonomy":"product_cat","embeddable":true,"href":"https:\/\/polosud.com\/2016\/wp-json\/wp\/v2\/product_cat?post=60"},{"taxonomy":"product_tag","embeddable":true,"href":"https:\/\/polosud.com\/2016\/wp-json\/wp\/v2\/product_tag?post=60"}],"curies":[{"name":"wp","href":"https:\/\/api.w.org\/{rel}","templated":true}]}}