


{"id":88,"date":"2016-08-03T10:48:40","date_gmt":"2016-08-03T08:48:40","guid":{"rendered":"http:\/\/polosud.com\/2016\/?post_type=product&#038;p=88"},"modified":"2016-08-04T12:17:31","modified_gmt":"2016-08-04T10:17:31","slug":"io-sono-ulisse","status":"publish","type":"product","link":"https:\/\/polosud.com\/2016\/catalogue\/io-sono-ulisse\/","title":{"rendered":"Io sono Ulisse"},"content":{"rendered":"<p>Per alcuni il viaggio di Ulisse ha il senso di un naufragio, di un odissea senza ritorno.<\/p>\n<p>Io ho sempre coltivato in me l&#8217;idea di un Ulisse sospeso tra ignoranza e conoscenza, tra confine ed infinito, desideroso di cogliere la stella che cade oltre la linea dell&#8217;orizzonte, per dirla con le parole di un poeta inglese.<\/p>\n<p>Col tempo ho capito che Ulisse \u00e8 soprattutto colui che fa ritornoa casa, con la pienezza della propria identit\u00e0 e con la capacit\u00e0 di vivere proprio l\u00ec il suo viaggio quotidiano, con amorevole cura<\/p>\n<p>Con queste parole Brunella racconta il suo nuovo album e dedica le 11 tracce del disco al viggio di Ulisse\u00a0 tra inquietudini, ricerca di nuovi confini, ribellione, ricordi e sentimenti in un racconto molto personale, ma nel quale molti possono riconoscersi.<\/p>\n<p>Registrato negli studi Hipnocampo da Piero De Asmundis, l&#8217;album vede la partecipazione dei musicisti Agostino Mennella, Dario Franco, Paolo Del Vecchio, Gino Evangelista, Leonardo Massa, Daniele Sepe, Franco Giacoia, Roberto Natullo, Filippo D&#8217;Alio, Giacomo Franco, Aldo Vigorito e Gianfranco Campagnoli<\/p>\n","protected":false},"excerpt":{"rendered":"<p>Per alcuni il viaggio di Ulisse ha il senso di un naufragio, di un odissea senza ritorno. Io ho sempre coltivato in me l&#8217;idea di un Ulisse sospeso tra ignoranza e conoscenza, tra confine ed infinito, desideroso di cogliere la stella che cade oltre la linea dell&#8217;orizzonte, per dirla con le parole di un poeta inglese. Col tempo ho capito che Ulisse \u00e8 soprattutto colui che fa ritornoa casa, con la pienezza della propria identit\u00e0 e con la capacit\u00e0 di [&hellip;]<\/p>\n","protected":false},"featured_media":89,"comment_status":"open","ping_status":"closed","template":"","meta":[],"product_cat":[19],"product_tag":[26],"acf":[],"_links":{"self":[{"href":"https:\/\/polosud.com\/2016\/wp-json\/wp\/v2\/product\/88"}],"collection":[{"href":"https:\/\/polosud.com\/2016\/wp-json\/wp\/v2\/product"}],"about":[{"href":"https:\/\/polosud.com\/2016\/wp-json\/wp\/v2\/types\/product"}],"replies":[{"embeddable":true,"href":"https:\/\/polosud.com\/2016\/wp-json\/wp\/v2\/comments?post=88"}],"wp:featuredmedia":[{"embeddable":true,"href":"https:\/\/polosud.com\/2016\/wp-json\/wp\/v2\/media\/89"}],"wp:attachment":[{"href":"https:\/\/polosud.com\/2016\/wp-json\/wp\/v2\/media?parent=88"}],"wp:term":[{"taxonomy":"product_cat","embeddable":true,"href":"https:\/\/polosud.com\/2016\/wp-json\/wp\/v2\/product_cat?post=88"},{"taxonomy":"product_tag","embeddable":true,"href":"https:\/\/polosud.com\/2016\/wp-json\/wp\/v2\/product_tag?post=88"}],"curies":[{"name":"wp","href":"https:\/\/api.w.org\/{rel}","templated":true}]}}