


{"id":90,"date":"2016-08-03T10:58:50","date_gmt":"2016-08-03T08:58:50","guid":{"rendered":"http:\/\/polosud.com\/2016\/?post_type=product&#038;p=90"},"modified":"2016-08-04T11:58:24","modified_gmt":"2016-08-04T09:58:24","slug":"costa-ovest","status":"publish","type":"product","link":"https:\/\/polosud.com\/2016\/catalogue\/costa-ovest\/","title":{"rendered":"Costa ovest"},"content":{"rendered":"<p>Formidabili quegli anni newpolitani. Gabriella era la regina della Vesuwave, la pi\u00f9 desiderata, una voce dalla sensualit\u00e0 strascicata, mediterranea &#038; metropolitana. L&#8217;ho seguita negli anni, dalle cantine punk a Sanremo, dai Walhalla alla scelta solista, dal pop italiano alle canzoni rivoluzionarie sudamericane, ma devo averla persa di vista in qualche momento, perch\u00e9 questo approdo sulla &#8220;Costa Ovest&#8221; mi sorprende.<br \/>\nNegli Ottanta, in fondo, c&#8217;era ben poca Napoli nella Corrente del golfo, in quel mucchio selvaggio ed isterico di band, musicanti e performer d&#8217;ogni tipo che s&#8217;era addossato (e arrogato) il compito di traghettare Napoli nell&#8217;universo post-moderno, tagliando il cordone ombelicale con una tradizione logorata dagli stereotipi, l&#8217;oleografia, la retorica, l&#8217;eccesso conservatore, la paura della modernit\u00e0, l&#8217;odore di reazione laurina, quando non di camorra.<br \/>\nOttenuto il risultato di far parlare di se come figli ribelli della citt\u00e0 porosa, in molti iniziarono, sia pur sporadicamente, a fare i conti col proprio dna sonoro. Nessuno, forse, cos\u00ec profondamente e totalmente come fa oggi madame Pascale, ugola appassionata e carnale che si diverte qui a (con)fondere il passato e il presente, i classici e i moderni, le tarantelle e il rock.<br \/>\nIl suo (in)canto libero oggi \u00e8 &#8220;Luce janca&#8221;, \u00e8 &#8220;Suonno, anema e libert\u00e0&#8221; che ritrova per strada antichi compagni e sperimenta l&#8217;incontro con i giovani protagonisti del sound partenopeo di questo terzo millennio. E&#8217; il coraggio di tornare scandalosa come in quegli anni formidabili, senza pudore nel cantare Di Giacomo, Almamegretta e Ciro Ricci come figli della stessa terra, dello stesso canto delle sirene, dello stesso fonema ancestrale. E di tradurre Paul Weller nella lingua di Bovio e Viviani. E il piccolo mondo antico di cantaNapoli, quasi in estinzione, ringrazia. Federico Vacalebre<\/p>\n","protected":false},"excerpt":{"rendered":"<p>Formidabili quegli anni newpolitani. Gabriella era la regina della Vesuwave, la pi\u00f9 desiderata, una voce dalla sensualit\u00e0 strascicata, mediterranea &#038; metropolitana. L&#8217;ho seguita negli anni, dalle cantine punk a Sanremo, dai Walhalla alla scelta solista, dal pop italiano alle canzoni rivoluzionarie sudamericane, ma devo averla persa di vista in qualche momento, perch\u00e9 questo approdo sulla &#8220;Costa Ovest&#8221; mi sorprende. Negli Ottanta, in fondo, c&#8217;era ben poca Napoli nella Corrente del golfo, in quel mucchio selvaggio ed isterico di band, musicanti [&hellip;]<\/p>\n","protected":false},"featured_media":91,"comment_status":"open","ping_status":"closed","template":"","meta":[],"product_cat":[20],"product_tag":[26],"acf":[],"_links":{"self":[{"href":"https:\/\/polosud.com\/2016\/wp-json\/wp\/v2\/product\/90"}],"collection":[{"href":"https:\/\/polosud.com\/2016\/wp-json\/wp\/v2\/product"}],"about":[{"href":"https:\/\/polosud.com\/2016\/wp-json\/wp\/v2\/types\/product"}],"replies":[{"embeddable":true,"href":"https:\/\/polosud.com\/2016\/wp-json\/wp\/v2\/comments?post=90"}],"wp:featuredmedia":[{"embeddable":true,"href":"https:\/\/polosud.com\/2016\/wp-json\/wp\/v2\/media\/91"}],"wp:attachment":[{"href":"https:\/\/polosud.com\/2016\/wp-json\/wp\/v2\/media?parent=90"}],"wp:term":[{"taxonomy":"product_cat","embeddable":true,"href":"https:\/\/polosud.com\/2016\/wp-json\/wp\/v2\/product_cat?post=90"},{"taxonomy":"product_tag","embeddable":true,"href":"https:\/\/polosud.com\/2016\/wp-json\/wp\/v2\/product_tag?post=90"}],"curies":[{"name":"wp","href":"https:\/\/api.w.org\/{rel}","templated":true}]}}