


{"id":94,"date":"2016-08-03T11:23:18","date_gmt":"2016-08-03T09:23:18","guid":{"rendered":"http:\/\/polosud.com\/2016\/?post_type=product&#038;p=94"},"modified":"2016-08-04T11:50:00","modified_gmt":"2016-08-04T09:50:00","slug":"vitologic","status":"publish","type":"product","link":"https:\/\/polosud.com\/2016\/catalogue\/vitologic\/","title":{"rendered":"Vitologic"},"content":{"rendered":"<p>Nel 2011 saranno &#8220;40&#8221; gli anni\u00a0 seriamente dedicati da me alla musica e in maggior parte al lavoro con i cantautori, grazie ai quali sono noto al grande pubblico con oltre 150 dischi all&#8217;attivo e migliaia di concerti tra: Edoardo Bennato, Pino Daniele, Teresa De Sio, Vasco Rossi, Eugenio Finardi, Eduardo De Crescenzo, Renato Zero, Marina Rei, Irene Grandi, per citarne alcuni tra i pi\u00f9 famosi&#8230;<br \/>\nPer me &#8220;Vitologic&#8221; \u00e8 quindi una sorta di via di fuga da tutto ci\u00f2 per abbracciare finalmente quello che mi \u00e8 pi\u00f9 caro: la musica strumentale, con questo non posso dire di non amare le belle canzoni. Con essa ed in essa posso spaziare in lungo e in largo senza alcun passaporto n\u00e8 gli schemi mediamente tipici e stereotipati della canzone che per la loro struttura lasciano spesso poco spazio solistico agli strumenti. Vitologic \u00e8 quindi un album live in cui propongo i brani dei miei precedenti albums da solista: Piano &#038; Bit (BMG\/RCA 1992) e Vintage Hands (Hullabaloo 2006) ed un&#8217;altra mia attivit\u00e0 live di questi anni, meno difficile musicalmente ma non per questo meno affascinante: &#8220;Hammond Duo&#8221;. Coaudiuvato da preziosi musicisti quali Franco Giacoia guitar, Agostino Mennella Drums, Vittorio Pepe bass, e vocalists come Annagaia Mariella, Monica Pujia, Virginia Sorrentino (video). il disco \u00e8 articolato in due sezioni, la prima solo strumentale con\u00a0 Mediterranean JazzRock4tet. Nella seconda sezione &#8220;Hammond Duo&#8221; invece mi dedico all&#8217;organo Hammond che \u00e8 stato ed \u00e8 il mio primo amore, per le esecuzioni in questo caso (visto che poi di canzoni ci vivo) di covers di mia scelta degli anni &#8217;70\/&#8217;80\u00a0 da me riarrangiate e con molti spazi dedicati a questo magico strumento!\u00a0 Inoltre questo CD contiene un breve videoclip in formato Quicktime di Hammond Duo con la bravissima vocalist Virginia Sorrentino mia attuale fiamma canora! Insomma, insieme a questo album dalla simpatica copertina di Rino di Uniongrafreaks\u00a0 state acquistando in realt\u00e0 la buona musica di una vita: la mia! O una vita per la buona musica?\u00a0 &#8220;VITOLOGIC&#8221; \u00e8 la mia risposta. Grazie a tutti e&#8230; Buon ascolto!\u00a0 Ernesto Vitolo<br \/>\nP.S. Le registrazioni dal vivo sono state effettuate da Paolo Varriale su<br \/>\nsistema Protools. Grande qualit\u00e0 di ascolto per un pubblico di qualit\u00e0.<\/p>\n","protected":false},"excerpt":{"rendered":"<p>Nel 2011 saranno &#8220;40&#8221; gli anni\u00a0 seriamente dedicati da me alla musica e in maggior parte al lavoro con i cantautori, grazie ai quali sono noto al grande pubblico con oltre 150 dischi all&#8217;attivo e migliaia di concerti tra: Edoardo Bennato, Pino Daniele, Teresa De Sio, Vasco Rossi, Eugenio Finardi, Eduardo De Crescenzo, Renato Zero, Marina Rei, Irene Grandi, per citarne alcuni tra i pi\u00f9 famosi&#8230; Per me &#8220;Vitologic&#8221; \u00e8 quindi una sorta di via di fuga da tutto ci\u00f2 [&hellip;]<\/p>\n","protected":false},"featured_media":95,"comment_status":"open","ping_status":"closed","template":"","meta":[],"product_cat":[8],"product_tag":[23],"acf":[],"_links":{"self":[{"href":"https:\/\/polosud.com\/2016\/wp-json\/wp\/v2\/product\/94"}],"collection":[{"href":"https:\/\/polosud.com\/2016\/wp-json\/wp\/v2\/product"}],"about":[{"href":"https:\/\/polosud.com\/2016\/wp-json\/wp\/v2\/types\/product"}],"replies":[{"embeddable":true,"href":"https:\/\/polosud.com\/2016\/wp-json\/wp\/v2\/comments?post=94"}],"wp:featuredmedia":[{"embeddable":true,"href":"https:\/\/polosud.com\/2016\/wp-json\/wp\/v2\/media\/95"}],"wp:attachment":[{"href":"https:\/\/polosud.com\/2016\/wp-json\/wp\/v2\/media?parent=94"}],"wp:term":[{"taxonomy":"product_cat","embeddable":true,"href":"https:\/\/polosud.com\/2016\/wp-json\/wp\/v2\/product_cat?post=94"},{"taxonomy":"product_tag","embeddable":true,"href":"https:\/\/polosud.com\/2016\/wp-json\/wp\/v2\/product_tag?post=94"}],"curies":[{"name":"wp","href":"https:\/\/api.w.org\/{rel}","templated":true}]}}