


{"id":964,"date":"2021-07-15T09:55:41","date_gmt":"2021-07-15T07:55:41","guid":{"rendered":"https:\/\/polosud.com\/2016\/?post_type=product&#038;p=964"},"modified":"2021-07-15T10:04:02","modified_gmt":"2021-07-15T08:04:02","slug":"le-metamorfosi-di-nanni","status":"publish","type":"product","link":"https:\/\/polosud.com\/2016\/catalogue\/le-metamorfosi-di-nanni\/","title":{"rendered":"Le Metamorfosi di Nanni"},"content":{"rendered":"<p>Le Metamorfosi di Nanni<br \/>\nUn disco di Giovanni Block, scritto e arrangiato dall\u2019autore e prodotto da Ninni Pascale per la Polosud Records<\/p>\n<p>Un lavoro che viene da lontano<br \/>\nNell\u2019ottobre 2020  usciva il libro di Barbara Napolitano \u201cLe Metamorfosi di Nanni\u201d.<br \/>\nQualche settimana dopo, lo spettacolo tratto dal libro, avrebbe dovuto debuttare al Teatro Bellini, ma la nuova ondata di pandemia costringeva a rimandare tutto.<\/p>\n<p>Nella prima stesura del lavoro solo pochi monologhi erano stati trasformati in stornelli e sarebbero stati parte dello show.<br \/>\nParadossalmente per\u00f2, grazie alla zona rossa (conseguente all\u2019inasprirsi dei contagi), le canzoni dello spettacolo  prendevano forma e diventavano la colonna sonora del lavoro teatrale.<br \/>\nGiovanni Block  riusciva in un\u2019operazione a lui familiare: unire la canzone d\u2019autore al teatro.<\/p>\n<p>L\u2019Album\/colonna sonora de \u201cLe metamorfosi di Nanni\u201d, \u00e8 un disco dalle sonorit\u00e0 gitane e atmosfere circensi, che accompagnano lo spettatore in un viaggio sognante e divertente tra razionalit\u00e0 e sogno, tra realt\u00e0 e fantasia.<br \/>\nGiovanni Block ha trascinato ad interpretare brani inediti tutto il cast. Oltre a Giovanni stesso nel ruolo di Nanni cantano i brani del cd, Lello Arena nel ruolo di Ernesto il rappresentante di commercio,  Massimo Andrei nel ruolo del narratore, Giorgia Trasselli nel personaggio comico e travolgente di \u201czia Tita\u201d, Adriano Falivene nei panni di quattro clienti diversissimi tra loro, e Annarita Ferraro come avvenente \u201cSimonetta\u201d.<\/p>\n<p>Le nove canzoni dell\u2019album, sono egregiamente suonate dai musicisti che da sempre lavorano con Giovanni Block: Augusto Bortoloni (batteria) , Lorenzo Campese (piano) , Enzo Lamagna (contrabbasso), Roberto Trenca (chitarre), Pasquale Benincasa (percussioni), Fabio Renzullo (tromba) , Alessandro Tedesco (trombone).<br \/>\nOspite d\u2019eccezione dell\u2019album il fisarmonicista di fama internazionale, Carmine Joanna.<\/p>\n","protected":false},"excerpt":{"rendered":"<p>Le Metamorfosi di Nanni Un disco di Giovanni Block, scritto e arrangiato dall\u2019autore e prodotto da Ninni Pascale per la Polosud Records Un lavoro che viene da lontano Nell\u2019ottobre 2020 usciva il libro di Barbara Napolitano \u201cLe Metamorfosi di Nanni\u201d. Qualche settimana dopo, lo spettacolo tratto dal libro, avrebbe dovuto debuttare al Teatro Bellini, ma la nuova ondata di pandemia costringeva a rimandare tutto. Nella prima stesura del lavoro solo pochi monologhi erano stati trasformati in stornelli e sarebbero stati [&hellip;]<\/p>\n","protected":false},"featured_media":965,"comment_status":"closed","ping_status":"closed","template":"","meta":[],"product_cat":[42,34],"product_tag":[108],"acf":[],"_links":{"self":[{"href":"https:\/\/polosud.com\/2016\/wp-json\/wp\/v2\/product\/964"}],"collection":[{"href":"https:\/\/polosud.com\/2016\/wp-json\/wp\/v2\/product"}],"about":[{"href":"https:\/\/polosud.com\/2016\/wp-json\/wp\/v2\/types\/product"}],"replies":[{"embeddable":true,"href":"https:\/\/polosud.com\/2016\/wp-json\/wp\/v2\/comments?post=964"}],"wp:featuredmedia":[{"embeddable":true,"href":"https:\/\/polosud.com\/2016\/wp-json\/wp\/v2\/media\/965"}],"wp:attachment":[{"href":"https:\/\/polosud.com\/2016\/wp-json\/wp\/v2\/media?parent=964"}],"wp:term":[{"taxonomy":"product_cat","embeddable":true,"href":"https:\/\/polosud.com\/2016\/wp-json\/wp\/v2\/product_cat?post=964"},{"taxonomy":"product_tag","embeddable":true,"href":"https:\/\/polosud.com\/2016\/wp-json\/wp\/v2\/product_tag?post=964"}],"curies":[{"name":"wp","href":"https:\/\/api.w.org\/{rel}","templated":true}]}}